{"id":63,"date":"2012-08-18T16:42:17","date_gmt":"2012-08-18T19:42:17","guid":{"rendered":"http:\/\/proclass.com.br\/home\/?page_id=63"},"modified":"2022-04-19T17:31:49","modified_gmt":"2022-04-19T20:31:49","slug":"waves-certification-program","status":"publish","type":"page","link":"https:\/\/proclass.com.br\/home\/cursos\/waves-certification-program\/","title":{"rendered":"WAVES CERTIFICATION PROGRAM"},"content":{"rendered":"<div id=\"pl-63\"  class=\"panel-layout\" ><div id=\"pg-63-0\"  class=\"panel-grid panel-has-style\" ><div class=\"siteorigin-panels-stretch panel-row-style panel-row-style-for-63-0\" data-stretch-type=\"full-stretched\" ><div id=\"pgc-63-0-0\"  class=\"panel-grid-cell\" ><div id=\"panel-63-0-0-0\" class=\"so-panel widget widget_sow-hero panel-first-child panel-last-child\" data-index=\"0\" ><div\n\t\t\t\n\t\t\tclass=\"so-widget-sow-hero so-widget-sow-hero-default-dd96e5d5920d-63 so-widget-fittext-wrapper\"\n\t\t\t data-fit-text-compressor=\"0.85\"\n\t\t>\t\t\t\t<div class=\"sow-slider-base\" style=\"display: none\" tabindex=\"0\">\n\t\t\t\t\t<ul\n\t\t\t\t\tclass=\"sow-slider-images\"\n\t\t\t\t\tdata-settings=\"{&quot;pagination&quot;:true,&quot;speed&quot;:800,&quot;timeout&quot;:8000,&quot;paused&quot;:false,&quot;pause_on_hover&quot;:false,&quot;swipe&quot;:true,&quot;nav_always_show_desktop&quot;:&quot;&quot;,&quot;nav_always_show_mobile&quot;:&quot;&quot;,&quot;breakpoint&quot;:&quot;780px&quot;,&quot;unmute&quot;:false,&quot;anchor&quot;:null}\"\n\t\t\t\t\t\t\t\t\t\tdata-anchor-id=\"\"\n\t\t\t\t>\t\t<li class=\"sow-slider-image  sow-slider-image-cover\" style=\"visibility: visible;;background-color: #333333;background-image: url(https:\/\/proclass.com.br\/home\/wp-content\/uploads\/2012\/08\/wcp_boxbig2.png)\" >\n\t\t\t\t\t<div class=\"sow-slider-image-container\">\n\t\t\t<div class=\"sow-slider-image-wrapper\">\n\t\t\t\t<h1 style=\"text-align: center\">Plug-ins Waves<\/h1><p style=\"text-align: center\">Treinamento oficial<\/p><p style=\"text-align: center\">\u00a0<\/p>\t\t\t<\/div>\n\t\t<\/div>\n\t\t\t\t<\/li>\n\t\t<\/ul>\t\t\t\t<ol class=\"sow-slider-pagination\">\n\t\t\t\t\t\t\t\t\t\t\t<li><a href=\"#\" data-goto=\"0\" aria-label=\"Display slide 1\"><\/a><\/li>\n\t\t\t\t\t\t\t\t\t<\/ol>\n\n\t\t\t\t<div class=\"sow-slide-nav sow-slide-nav-next\">\n\t\t\t\t\t<a href=\"#\" data-goto=\"next\" aria-label=\"Next slide\" data-action=\"next\">\n\t\t\t\t\t\t<em class=\"sow-sld-icon-thin-right\"><\/em>\n\t\t\t\t\t<\/a>\n\t\t\t\t<\/div>\n\n\t\t\t\t<div class=\"sow-slide-nav sow-slide-nav-prev\">\n\t\t\t\t\t<a href=\"#\" data-goto=\"previous\" aria-label=\"Previous slide\" data-action=\"prev\">\n\t\t\t\t\t\t<em class=\"sow-sld-icon-thin-left\"><\/em>\n\t\t\t\t\t<\/a>\n\t\t\t\t<\/div>\n\t\t\t\t<\/div><\/div><\/div><\/div><\/div><\/div><div id=\"pg-63-1\"  class=\"panel-grid panel-has-style\" ><div class=\"siteorigin-panels-stretch panel-row-style panel-row-style-for-63-1\" data-stretch-type=\"full\" ><div id=\"pgc-63-1-0\"  class=\"panel-grid-cell\" ><div id=\"panel-63-1-0-0\" class=\"so-panel widget widget_sow-headline panel-first-child panel-last-child\" data-index=\"1\" ><div class=\"panel-widget-style panel-widget-style-for-63-1-0-0\" ><div\n\t\t\t\n\t\t\tclass=\"so-widget-sow-headline so-widget-sow-headline-default-d8f559d5cbe9-63\"\n\t\t\t\n\t\t><div class=\"sow-headline-container \">\n\t\t\t\t\t\t\t<h1 class=\"sow-headline\">\n\t\t\t\t\t\tWaves e a ProClass\t\t\t\t\t\t<\/h1>\n\t\t\t\t\t\t\t\t\t\t\t\t<h3 class=\"sow-sub-headline\">\n\t\t\t\t\t\tA ProClass foi a pioneira e ainda \u00e9 \u00fanica escola do Brasil homologada pela Waves a realizar os cursos de certifica\u00e7\u00e3o oficial Waves. Os plug-ins da Waves est\u00e3o em praticamente todos os est\u00fadios hoje em dia, de pequenos homestudios at\u00e9 est\u00fadios de grande porte.\t\t\t\t\t\t<\/h3>\n\t\t\t\t\t\t<\/div>\n<\/div><\/div><\/div><\/div><\/div><\/div><div id=\"pg-63-2\"  class=\"panel-grid panel-no-style\" ><div id=\"pgc-63-2-0\"  class=\"panel-grid-cell\" ><div id=\"panel-63-2-0-0\" class=\"so-panel widget widget_sow-editor panel-first-child panel-last-child\" data-index=\"2\" ><div\n\t\t\t\n\t\t\tclass=\"so-widget-sow-editor so-widget-sow-editor-base\"\n\t\t\t\n\t\t>\n<div class=\"siteorigin-widget-tinymce textwidget\">\n\t<h2>Waves Certification Program<\/h2>\n<p>A Waves criou o j\u00e1 renomado Programa de Treinamento Waves, que\u00a0aborda a utiliza\u00e7\u00e3o e mostra uma vis\u00e3o aprofundada dos plug-ins<strong>\u00a0Reinassence EQ, Reinassence Comp, C1 Parametric Compander, Reinassence Reverb e SuperTap Delay.\u00a0<\/strong>Apesar das interfaces gr\u00e1ficas intuitivas, muitos dos par\u00e2metros e configura\u00e7\u00f5es quando estudados atrav\u00e9s de um guia oficial e instrutor certificado revelam preciosos recursos que agregam produtividade e qualidade ao trabalho do profissional de \u00e1udio.<\/p>\n<p class=\"p1\"><span style=\"text-decoration: underline;\">Um dos diferenciais deste treinamento \u00e9 o kit de certifica\u00e7\u00e3o. Ele \u00e9 opcional e adquirido \u00e0 parte por R$1300.<\/span> No kit, o aluno receber\u00e1:<\/p>\n<ul>\n<li class=\"p1\">Livro oficial (em ingl\u00eas)<\/li>\n<li class=\"p1\">Sess\u00f5es\u00a0com exerc\u00edcios (em ingl\u00eas) fornecidos pelo fabricante Waves Audio<\/li>\n<li class=\"p1\">Uma licen\u00e7a dos seguintes plug-ins:Reinassence EQ, Reinassence Comp, C1 Parametric Compander, Reinassence Reverb e SuperTap Delay (valor estimado em R$875)<\/li>\n<\/ul>\n<p>Curso realizado em turmas fechadas, para grupos ou empresas, com hor\u00e1rio marcado previamente.<\/p>\n<p>Entre em contato para solicitar um or\u00e7amento: info@proclass.com.br<\/p>\n<p><strong>Carga hor\u00e1ria: 12 horas<\/strong><\/p>\n<div id=\"accordions-6720\" class=\"accordions-6720 accordions\" data-accordions={&quot;lazyLoad&quot;:false,&quot;id&quot;:&quot;6720&quot;,&quot;event&quot;:&quot;click&quot;,&quot;collapsible&quot;:&quot;true&quot;,&quot;heightStyle&quot;:&quot;content&quot;,&quot;animateStyle&quot;:&quot;swing&quot;,&quot;animateDelay&quot;:1000,&quot;navigation&quot;:true,&quot;active&quot;:999,&quot;expandedOther&quot;:&quot;no&quot;}>\r\n                <div class=\"items\" >\r\n    \r\n            <div post_id=\"6720\" itemcount=\"0\"  header_id=\"header-0\" id=\"header-0\" style=\"\" class=\"accordions-head head0 border-none\" toggle-text=\"\" main-text=\"Objetivos\">\r\n                                    <span id=\"accordion-icons-0\" class=\"accordion-icons\">\r\n                        <span class=\"accordion-icon-active accordion-plus\"><i class=\"fa fa-plus-square\"><\/i><\/span>\r\n                        <span class=\"accordion-icon-inactive accordion-minus\"><i class=\"fa fa-minus-square\"><\/i><\/span>\r\n                    <\/span>\r\n                    <span id=\"header-text-0\" class=\"accordions-head-title\">Objetivos<\/span>\r\n                            <\/div>\r\n            <div class=\"accordion-content content0 \">\r\n                <p>Entender a teminologia dos plug-ins<\/p>\n<p>Assimilar partes comuns de sua interface<\/p>\n<p>Saber diferenciar as caracter\u00edsticas dos principais\u00a0compressores, equalizadores e reverberadores da Waves<\/p>\n            <\/div>\r\n    \r\n            <div post_id=\"6720\" itemcount=\"1\"  header_id=\"header-1482875900075\" id=\"header-1482875900075\" style=\"\" class=\"accordions-head head1482875900075 border-none\" toggle-text=\"\" main-text=\"Conte\u00fados\">\r\n                                    <span id=\"accordion-icons-1482875900075\" class=\"accordion-icons\">\r\n                        <span class=\"accordion-icon-active accordion-plus\"><i class=\"fa fa-plus-square\"><\/i><\/span>\r\n                        <span class=\"accordion-icon-inactive accordion-minus\"><i class=\"fa fa-minus-square\"><\/i><\/span>\r\n                    <\/span>\r\n                    <span id=\"header-text-1482875900075\" class=\"accordions-head-title\">Conte\u00fados<\/span>\r\n                            <\/div>\r\n            <div class=\"accordion-content content1482875900075 \">\r\n                <p>Conhecendo a interface<\/p>\n<p>Comparando configura\u00e7\u00f5es<\/p>\n<p>Lat\u00eancia<\/p>\n<p>Channel Link\/Unlink e Link Offsets<\/p>\n<p>APA e NetShell<\/p>\n<p>Caracter\u00edsticas e conceito dos presets de f\u00e1brica<\/p>\n<p>Caracter\u00edsticas dos equalizadores<\/p>\n<p>Resonant Filters<\/p>\n<p>Caracter\u00edsticas dos\u00a0processadores de din\u00e2mica<\/p>\n<p>Comportamento da compress\u00e3o em modo Electro e Optical<\/p>\n<p>Tecnologia ARC<\/p>\n<p>Reinassence Comp vs. C1 Parametric Compander<\/p>\n<p>LowRef vs. PeakRef<\/p>\n<p>Tecnologia PDR<\/p>\n<p>Compress\u00e3o Reversa<\/p>\n<p>Gate e Expander com C1 Gate<\/p>\n<p>Filter Module \u2013 SideChain EQ vs. Bandsplit mode<\/p>\n<p>Key Mode<\/p>\n<p>Caracter\u00edsticas dos reverberadores<\/p>\n<p>Vis\u00e3o aprofundada de todos os par\u00e2metros do Reinassence Reverb<\/p>\n<p>Tap Delay Grid<\/p>\n            <\/div>\r\n    <\/div>\r\n\r\n\r\n\r\n            <\/div>\n<\/div>\n<\/div><\/div><\/div><\/div><div id=\"pg-63-3\"  class=\"panel-grid panel-no-style\" ><div id=\"pgc-63-3-0\"  class=\"panel-grid-cell\" ><div id=\"panel-63-3-0-0\" class=\"so-panel widget widget_sow-editor panel-first-child panel-last-child\" data-index=\"3\" ><div\n\t\t\t\n\t\t\tclass=\"so-widget-sow-editor so-widget-sow-editor-base\"\n\t\t\t\n\t\t>\n<div class=\"siteorigin-widget-tinymce textwidget\">\n\t<table>\n<tbody>\n<tr>\n<td>\n<p><a href=\"http:\/\/proclass.com.br\/home\/cursos\/logic-pro\/\"><img decoding=\"async\" class=\"aligncenter wp-image-6152\" src=\"http:\/\/proclass.com.br\/home\/wp-content\/uploads\/2016\/05\/logic-pro-logo-150x150.png\" width=\"100\" height=\"100\" srcset=\"https:\/\/proclass.com.br\/home\/wp-content\/uploads\/2016\/05\/logic-pro-logo-150x150.png 150w, https:\/\/proclass.com.br\/home\/wp-content\/uploads\/2016\/05\/logic-pro-logo.png 256w\" sizes=\"(max-width: 100px) 100vw, 100px\" \/><\/a><\/p>\n<p style=\"text-align: center;\"><a href=\"http:\/\/proclass.com.br\/home\/cursos\/logic-pro\/\">Logic Pro X<\/a><\/p>\n<\/td>\n<td>\n<p><a href=\"http:\/\/proclass.com.br\/home\/cursos\/mixagem-programa-modular\/\"><img decoding=\"async\" class=\"aligncenter wp-image-6670\" src=\"http:\/\/proclass.com.br\/home\/wp-content\/uploads\/2012\/08\/mixing-icon-150x150.png\" width=\"100\" height=\"93\" \/><\/a><\/p>\n<p style=\"text-align: center;\"><a href=\"http:\/\/proclass.com.br\/home\/cursos\/mixagem\/\">Mixagem<\/a><\/p>\n<\/td>\n<td>\n<p><a href=\"http:\/\/proclass.com.br\/home\/cursos\/edicao-de-som-para-video\/\"><img decoding=\"async\" class=\"aligncenter wp-image-6703\" src=\"http:\/\/proclass.com.br\/home\/wp-content\/uploads\/2013\/10\/icon-edi\u00e7\u00e3o-de-som-para-video-150x150.png\" width=\"100\" height=\"106\" srcset=\"https:\/\/proclass.com.br\/home\/wp-content\/uploads\/2013\/10\/icon-edi\u00e7\u00e3o-de-som-para-video-283x300.png 283w, https:\/\/proclass.com.br\/home\/wp-content\/uploads\/2013\/10\/icon-edi\u00e7\u00e3o-de-som-para-video.png 306w\" sizes=\"(max-width: 100px) 100vw, 100px\" \/><\/a><\/p>\n<p style=\"text-align: center;\"><a href=\"http:\/\/proclass.com.br\/home\/cursos\/edicao-de-som-para-video\/\">Sonoplastia para TV e Cinema<\/a><\/p>\n<\/td>\n<\/tr>\n<\/tbody>\n<\/table>\n<\/div>\n<\/div><\/div><\/div><div id=\"pgc-63-3-1\"  class=\"panel-grid-cell\" ><div id=\"panel-63-3-1-0\" class=\"so-panel widget widget_sow-editor panel-first-child panel-last-child\" data-index=\"4\" ><div\n\t\t\t\n\t\t\tclass=\"so-widget-sow-editor so-widget-sow-editor-base\"\n\t\t\t\n\t\t>\n<div class=\"siteorigin-widget-tinymce textwidget\">\n\t<table>\n<tbody>\n<tr>\n<td>\n<p style=\"text-align: center;\"><a href=\"http:\/\/proclass.com.br\/home\/cursos\/pro-tools\/\"><img loading=\"lazy\" loading=\"lazy\" decoding=\"async\" class=\"aligncenter wp-image-253\" src=\"http:\/\/proclass.com.br\/home\/wp-content\/uploads\/2012\/08\/Pro-Tools-9-LOGO-150x150.jpg\" width=\"100\" height=\"100\" \/><\/a><\/p>\n<p style=\"text-align: center;\"><a href=\"http:\/\/proclass.com.br\/home\/cursos\/pro-tools\/\">Pro Tools<\/a><\/p>\n<\/td>\n<td>\n<p><a href=\"http:\/\/proclass.com.br\/home\/cursos\/sibelius\/\"><img loading=\"lazy\" loading=\"lazy\" decoding=\"async\" class=\"aligncenter wp-image-675\" src=\"http:\/\/proclass.com.br\/home\/wp-content\/uploads\/2012\/08\/sib_logo-150x150.jpg\" width=\"100\" height=\"99\" srcset=\"https:\/\/proclass.com.br\/home\/wp-content\/uploads\/2012\/08\/sib_logo-150x150.jpg 150w, https:\/\/proclass.com.br\/home\/wp-content\/uploads\/2012\/08\/sib_logo-300x297.jpg 300w, https:\/\/proclass.com.br\/home\/wp-content\/uploads\/2012\/08\/sib_logo.jpg 350w\" sizes=\"auto, (max-width: 100px) 100vw, 100px\" \/><\/a><\/p>\n<p style=\"text-align: center;\"><a href=\"http:\/\/proclass.com.br\/home\/cursos\/sibelius\/\">Sibelius<\/a><\/p>\n<\/td>\n<td style=\"vertical-align: middle;\">\n<h3><a href=\"http:\/\/proclass.com.br\/home\/todos-os-cursos\/\">Ver todos os cursos<\/a><\/h3>\n<\/td>\n<\/tr>\n<\/tbody>\n<\/table>\n<\/div>\n<\/div><\/div><\/div><\/div><\/div>","protected":false},"excerpt":{"rendered":"<p>Plug-ins WavesTreinamento oficial\u00a0 Waves e a ProClass A ProClass foi a pioneira e ainda \u00e9 \u00fanica escola do Brasil homologada pela Waves a realizar os cursos de certifica\u00e7\u00e3o oficial Waves. Os plug-ins da Waves est\u00e3o em praticamente todos os est\u00fadios hoje em dia, de pequenos homestudios at\u00e9 est\u00fadios de grande porte. Waves Certification Program AContinue reading &rarr;<\/p>\n","protected":false},"author":4,"featured_media":0,"parent":7277,"menu_order":1,"comment_status":"closed","ping_status":"open","template":"","meta":{"footnotes":""},"class_list":["post-63","page","type-page","status-publish","hentry","no-thumb"],"yoast_head":"<!-- This site is optimized with the Yoast SEO plugin v26.9 - https:\/\/yoast.com\/product\/yoast-seo-wordpress\/ -->\n<title>WAVES CERTIFICATION PROGRAM - PROCLASS<\/title>\n<meta name=\"robots\" content=\"index, follow, max-snippet:-1, max-image-preview:large, max-video-preview:-1\" \/>\n<link rel=\"canonical\" href=\"https:\/\/proclass.com.br\/home\/cursos\/waves-certification-program\/\" \/>\n<meta property=\"og:locale\" content=\"pt_BR\" \/>\n<meta property=\"og:type\" content=\"article\" \/>\n<meta property=\"og:title\" content=\"WAVES CERTIFICATION PROGRAM - PROCLASS\" \/>\n<meta property=\"og:description\" content=\"Plug-ins WavesTreinamento oficial\u00a0 Waves e a ProClass A ProClass foi a pioneira e ainda \u00e9 \u00fanica escola do Brasil homologada pela Waves a realizar os cursos de certifica\u00e7\u00e3o oficial Waves. Os plug-ins da Waves est\u00e3o em praticamente todos os est\u00fadios hoje em dia, de pequenos homestudios at\u00e9 est\u00fadios de grande porte. Waves Certification Program AContinue reading &rarr;\" \/>\n<meta property=\"og:url\" content=\"https:\/\/proclass.com.br\/home\/cursos\/waves-certification-program\/\" \/>\n<meta property=\"og:site_name\" content=\"PROCLASS\" \/>\n<meta property=\"article:modified_time\" content=\"2022-04-19T20:31:49+00:00\" \/>\n<meta property=\"og:image\" content=\"https:\/\/proclass.com.br\/home\/wp-content\/uploads\/2016\/05\/logic-pro-logo.png\" \/>\n\t<meta property=\"og:image:width\" content=\"256\" \/>\n\t<meta property=\"og:image:height\" content=\"256\" \/>\n\t<meta property=\"og:image:type\" content=\"image\/png\" \/>\n<meta name=\"twitter:card\" content=\"summary_large_image\" \/>\n<meta name=\"twitter:label1\" content=\"Est. tempo de leitura\" \/>\n\t<meta name=\"twitter:data1\" content=\"1 minuto\" \/>\n<script type=\"application\/ld+json\" class=\"yoast-schema-graph\">{\"@context\":\"https:\/\/schema.org\",\"@graph\":[{\"@type\":\"WebPage\",\"@id\":\"https:\/\/proclass.com.br\/home\/cursos\/waves-certification-program\/\",\"url\":\"https:\/\/proclass.com.br\/home\/cursos\/waves-certification-program\/\",\"name\":\"WAVES CERTIFICATION PROGRAM - PROCLASS\",\"isPartOf\":{\"@id\":\"https:\/\/proclass.com.br\/home\/#website\"},\"primaryImageOfPage\":{\"@id\":\"https:\/\/proclass.com.br\/home\/cursos\/waves-certification-program\/#primaryimage\"},\"image\":{\"@id\":\"https:\/\/proclass.com.br\/home\/cursos\/waves-certification-program\/#primaryimage\"},\"thumbnailUrl\":\"http:\/\/proclass.com.br\/home\/wp-content\/uploads\/2016\/05\/logic-pro-logo-150x150.png\",\"datePublished\":\"2012-08-18T19:42:17+00:00\",\"dateModified\":\"2022-04-19T20:31:49+00:00\",\"breadcrumb\":{\"@id\":\"https:\/\/proclass.com.br\/home\/cursos\/waves-certification-program\/#breadcrumb\"},\"inLanguage\":\"pt-BR\",\"potentialAction\":[{\"@type\":\"ReadAction\",\"target\":[\"https:\/\/proclass.com.br\/home\/cursos\/waves-certification-program\/\"]}]},{\"@type\":\"ImageObject\",\"inLanguage\":\"pt-BR\",\"@id\":\"https:\/\/proclass.com.br\/home\/cursos\/waves-certification-program\/#primaryimage\",\"url\":\"https:\/\/proclass.com.br\/home\/wp-content\/uploads\/2016\/05\/logic-pro-logo.png\",\"contentUrl\":\"https:\/\/proclass.com.br\/home\/wp-content\/uploads\/2016\/05\/logic-pro-logo.png\",\"width\":256,\"height\":256},{\"@type\":\"BreadcrumbList\",\"@id\":\"https:\/\/proclass.com.br\/home\/cursos\/waves-certification-program\/#breadcrumb\",\"itemListElement\":[{\"@type\":\"ListItem\",\"position\":1,\"name\":\"In\u00edcio\",\"item\":\"https:\/\/proclass.com.br\/home\/\"},{\"@type\":\"ListItem\",\"position\":2,\"name\":\"CURSOS\",\"item\":\"https:\/\/proclass.com.br\/home\/cursos\/\"},{\"@type\":\"ListItem\",\"position\":3,\"name\":\"WAVES CERTIFICATION PROGRAM\"}]},{\"@type\":\"WebSite\",\"@id\":\"https:\/\/proclass.com.br\/home\/#website\",\"url\":\"https:\/\/proclass.com.br\/home\/\",\"name\":\"PROCLASS\",\"description\":\"CURSOS E TREINAMENTOS\",\"publisher\":{\"@id\":\"https:\/\/proclass.com.br\/home\/#organization\"},\"potentialAction\":[{\"@type\":\"SearchAction\",\"target\":{\"@type\":\"EntryPoint\",\"urlTemplate\":\"https:\/\/proclass.com.br\/home\/?s={search_term_string}\"},\"query-input\":{\"@type\":\"PropertyValueSpecification\",\"valueRequired\":true,\"valueName\":\"search_term_string\"}}],\"inLanguage\":\"pt-BR\"},{\"@type\":\"Organization\",\"@id\":\"https:\/\/proclass.com.br\/home\/#organization\",\"name\":\"PROCLASS\",\"url\":\"https:\/\/proclass.com.br\/home\/\",\"logo\":{\"@type\":\"ImageObject\",\"inLanguage\":\"pt-BR\",\"@id\":\"https:\/\/proclass.com.br\/home\/#\/schema\/logo\/image\/\",\"url\":\"https:\/\/proclass.com.br\/home\/wp-content\/uploads\/2023\/06\/CABECALHO-black_PROCLASS-2023.png\",\"contentUrl\":\"https:\/\/proclass.com.br\/home\/wp-content\/uploads\/2023\/06\/CABECALHO-black_PROCLASS-2023.png\",\"width\":2563,\"height\":911,\"caption\":\"PROCLASS\"},\"image\":{\"@id\":\"https:\/\/proclass.com.br\/home\/#\/schema\/logo\/image\/\"}}]}<\/script>\n<!-- \/ Yoast SEO plugin. -->","yoast_head_json":{"title":"WAVES CERTIFICATION PROGRAM - PROCLASS","robots":{"index":"index","follow":"follow","max-snippet":"max-snippet:-1","max-image-preview":"max-image-preview:large","max-video-preview":"max-video-preview:-1"},"canonical":"https:\/\/proclass.com.br\/home\/cursos\/waves-certification-program\/","og_locale":"pt_BR","og_type":"article","og_title":"WAVES CERTIFICATION PROGRAM - PROCLASS","og_description":"Plug-ins WavesTreinamento oficial\u00a0 Waves e a ProClass A ProClass foi a pioneira e ainda \u00e9 \u00fanica escola do Brasil homologada pela Waves a realizar os cursos de certifica\u00e7\u00e3o oficial Waves. Os plug-ins da Waves est\u00e3o em praticamente todos os est\u00fadios hoje em dia, de pequenos homestudios at\u00e9 est\u00fadios de grande porte. Waves Certification Program AContinue reading &rarr;","og_url":"https:\/\/proclass.com.br\/home\/cursos\/waves-certification-program\/","og_site_name":"PROCLASS","article_modified_time":"2022-04-19T20:31:49+00:00","og_image":[{"width":256,"height":256,"url":"https:\/\/proclass.com.br\/home\/wp-content\/uploads\/2016\/05\/logic-pro-logo.png","type":"image\/png"}],"twitter_card":"summary_large_image","twitter_misc":{"Est. tempo de leitura":"1 minuto"},"schema":{"@context":"https:\/\/schema.org","@graph":[{"@type":"WebPage","@id":"https:\/\/proclass.com.br\/home\/cursos\/waves-certification-program\/","url":"https:\/\/proclass.com.br\/home\/cursos\/waves-certification-program\/","name":"WAVES CERTIFICATION PROGRAM - PROCLASS","isPartOf":{"@id":"https:\/\/proclass.com.br\/home\/#website"},"primaryImageOfPage":{"@id":"https:\/\/proclass.com.br\/home\/cursos\/waves-certification-program\/#primaryimage"},"image":{"@id":"https:\/\/proclass.com.br\/home\/cursos\/waves-certification-program\/#primaryimage"},"thumbnailUrl":"http:\/\/proclass.com.br\/home\/wp-content\/uploads\/2016\/05\/logic-pro-logo-150x150.png","datePublished":"2012-08-18T19:42:17+00:00","dateModified":"2022-04-19T20:31:49+00:00","breadcrumb":{"@id":"https:\/\/proclass.com.br\/home\/cursos\/waves-certification-program\/#breadcrumb"},"inLanguage":"pt-BR","potentialAction":[{"@type":"ReadAction","target":["https:\/\/proclass.com.br\/home\/cursos\/waves-certification-program\/"]}]},{"@type":"ImageObject","inLanguage":"pt-BR","@id":"https:\/\/proclass.com.br\/home\/cursos\/waves-certification-program\/#primaryimage","url":"https:\/\/proclass.com.br\/home\/wp-content\/uploads\/2016\/05\/logic-pro-logo.png","contentUrl":"https:\/\/proclass.com.br\/home\/wp-content\/uploads\/2016\/05\/logic-pro-logo.png","width":256,"height":256},{"@type":"BreadcrumbList","@id":"https:\/\/proclass.com.br\/home\/cursos\/waves-certification-program\/#breadcrumb","itemListElement":[{"@type":"ListItem","position":1,"name":"In\u00edcio","item":"https:\/\/proclass.com.br\/home\/"},{"@type":"ListItem","position":2,"name":"CURSOS","item":"https:\/\/proclass.com.br\/home\/cursos\/"},{"@type":"ListItem","position":3,"name":"WAVES CERTIFICATION PROGRAM"}]},{"@type":"WebSite","@id":"https:\/\/proclass.com.br\/home\/#website","url":"https:\/\/proclass.com.br\/home\/","name":"PROCLASS","description":"CURSOS E TREINAMENTOS","publisher":{"@id":"https:\/\/proclass.com.br\/home\/#organization"},"potentialAction":[{"@type":"SearchAction","target":{"@type":"EntryPoint","urlTemplate":"https:\/\/proclass.com.br\/home\/?s={search_term_string}"},"query-input":{"@type":"PropertyValueSpecification","valueRequired":true,"valueName":"search_term_string"}}],"inLanguage":"pt-BR"},{"@type":"Organization","@id":"https:\/\/proclass.com.br\/home\/#organization","name":"PROCLASS","url":"https:\/\/proclass.com.br\/home\/","logo":{"@type":"ImageObject","inLanguage":"pt-BR","@id":"https:\/\/proclass.com.br\/home\/#\/schema\/logo\/image\/","url":"https:\/\/proclass.com.br\/home\/wp-content\/uploads\/2023\/06\/CABECALHO-black_PROCLASS-2023.png","contentUrl":"https:\/\/proclass.com.br\/home\/wp-content\/uploads\/2023\/06\/CABECALHO-black_PROCLASS-2023.png","width":2563,"height":911,"caption":"PROCLASS"},"image":{"@id":"https:\/\/proclass.com.br\/home\/#\/schema\/logo\/image\/"}}]}},"_links":{"self":[{"href":"https:\/\/proclass.com.br\/home\/wp-json\/wp\/v2\/pages\/63","targetHints":{"allow":["GET"]}}],"collection":[{"href":"https:\/\/proclass.com.br\/home\/wp-json\/wp\/v2\/pages"}],"about":[{"href":"https:\/\/proclass.com.br\/home\/wp-json\/wp\/v2\/types\/page"}],"author":[{"embeddable":true,"href":"https:\/\/proclass.com.br\/home\/wp-json\/wp\/v2\/users\/4"}],"replies":[{"embeddable":true,"href":"https:\/\/proclass.com.br\/home\/wp-json\/wp\/v2\/comments?post=63"}],"version-history":[{"count":0,"href":"https:\/\/proclass.com.br\/home\/wp-json\/wp\/v2\/pages\/63\/revisions"}],"up":[{"embeddable":true,"href":"https:\/\/proclass.com.br\/home\/wp-json\/wp\/v2\/pages\/7277"}],"wp:attachment":[{"href":"https:\/\/proclass.com.br\/home\/wp-json\/wp\/v2\/media?parent=63"}],"curies":[{"name":"wp","href":"https:\/\/api.w.org\/{rel}","templated":true}]}}