{"id":28406,"date":"2024-11-26T12:03:07","date_gmt":"2024-11-26T15:03:07","guid":{"rendered":"https:\/\/proclass.com.br\/home\/?page_id=28406"},"modified":"2025-03-25T17:45:25","modified_gmt":"2025-03-25T20:45:25","slug":"color-management","status":"publish","type":"page","link":"https:\/\/proclass.com.br\/home\/cursos\/color-management\/","title":{"rendered":"Curso DaVinci Resolve &#8211; Color Management"},"content":{"rendered":"<div id=\"pl-28406\"  class=\"panel-layout\" ><div id=\"pg-28406-0\"  class=\"panel-grid panel-has-style\" ><div class=\"siteorigin-panels-stretch panel-row-style panel-row-style-for-28406-0\" data-stretch-type=\"full-width-stretch\" ><div id=\"pgc-28406-0-0\"  class=\"panel-grid-cell\" ><div id=\"panel-28406-0-0-0\" class=\"so-panel widget widget_sow-hero panel-first-child panel-last-child\" data-index=\"0\" ><div\n\t\t\t\n\t\t\tclass=\"so-widget-sow-hero so-widget-sow-hero-default-09a9c2aa85c6-28406 so-widget-fittext-wrapper\"\n\t\t\t data-fit-text-compressor=\"0.85\"\n\t\t>\t\t\t\t<div class=\"sow-slider-base\" style=\"display: none\" tabindex=\"0\">\n\t\t\t\t\t<ul\n\t\t\t\t\tclass=\"sow-slider-images\"\n\t\t\t\t\tdata-settings=\"{&quot;pagination&quot;:true,&quot;speed&quot;:800,&quot;timeout&quot;:8000,&quot;paused&quot;:false,&quot;pause_on_hover&quot;:false,&quot;swipe&quot;:true,&quot;nav_always_show_desktop&quot;:&quot;&quot;,&quot;nav_always_show_mobile&quot;:&quot;&quot;,&quot;breakpoint&quot;:&quot;780px&quot;,&quot;unmute&quot;:false,&quot;anchor&quot;:null}\"\n\t\t\t\t\t\t\t\t\t\tdata-anchor-id=\"\"\n\t\t\t\t>\t\t<li class=\"sow-slider-image  sow-slider-image-cover\" style=\"visibility: visible;;background-color: #333333\" >\n\t\t\t\t\t<div class=\"sow-slider-image-container\">\n\t\t\t<div class=\"sow-slider-image-wrapper\">\n\t\t\t\t<h1 style=\"text-align: center\">DaVinci Color Management - Curso Online<\/h1>\n<p style=\"text-align: center\">Treinamento avan\u00e7ado sobre gerenciamento e fluxos de corre\u00e7\u00e3o de cor<\/p>\n<p style=\"text-align: center\">\n<\/p>\t\t\t<\/div>\n\t\t<\/div>\n\t\t<div class=\"sow-slider-image-overlay sow-slider-image-cover\" style=\"opacity: 0.29;background-image: url(https:\/\/proclass.com.br\/home\/wp-content\/uploads\/2019\/11\/davinci-resolve-training.jpg.optimal.jpg)\"  ><\/div>\t\t<\/li>\n\t\t<\/ul>\t\t\t\t<ol class=\"sow-slider-pagination\">\n\t\t\t\t\t\t\t\t\t\t\t<li><a href=\"#\" data-goto=\"0\" aria-label=\"Display slide 1\"><\/a><\/li>\n\t\t\t\t\t\t\t\t\t<\/ol>\n\n\t\t\t\t<div class=\"sow-slide-nav sow-slide-nav-next\">\n\t\t\t\t\t<a href=\"#\" data-goto=\"next\" aria-label=\"Next slide\" data-action=\"next\">\n\t\t\t\t\t\t<em class=\"sow-sld-icon-thin-right\"><\/em>\n\t\t\t\t\t<\/a>\n\t\t\t\t<\/div>\n\n\t\t\t\t<div class=\"sow-slide-nav sow-slide-nav-prev\">\n\t\t\t\t\t<a href=\"#\" data-goto=\"previous\" aria-label=\"Previous slide\" data-action=\"prev\">\n\t\t\t\t\t\t<em class=\"sow-sld-icon-thin-left\"><\/em>\n\t\t\t\t\t<\/a>\n\t\t\t\t<\/div>\n\t\t\t\t<\/div><\/div><\/div><\/div><\/div><\/div><div id=\"pg-28406-1\"  class=\"panel-grid panel-has-style\" ><div class=\"siteorigin-panels-stretch panel-row-style panel-row-style-for-28406-1\" data-stretch-type=\"full\" ><div id=\"pgc-28406-1-0\"  class=\"panel-grid-cell\" ><div id=\"panel-28406-1-0-0\" class=\"so-panel widget widget_sow-headline panel-first-child panel-last-child\" data-index=\"1\" ><div class=\"panel-widget-style panel-widget-style-for-28406-1-0-0\" ><div\n\t\t\t\n\t\t\tclass=\"so-widget-sow-headline so-widget-sow-headline-default-8c430a345832-28406\"\n\t\t\t\n\t\t><div class=\"sow-headline-container \">\n\t\t\t\t\t\t\t<h1 class=\"sow-headline\">\n\t\t\t\t\t\tA ProClass e a Blackmagic Design\t\t\t\t\t\t<\/h1>\n\t\t\t\t\t\t\t\t\t\t\t\t<h3 class=\"sow-sub-headline\">\n\t\t\t\t\t\tA ProClass foi uma das primeiras escolas do mundo licenciadas pela Blackmagic Design para oferecer cursos e certifica\u00e7\u00f5es oficiais em DaVinci Resolve.\t\t\t\t\t\t<\/h3>\n\t\t\t\t\t\t<\/div>\n<\/div><\/div><\/div><\/div><\/div><\/div><div id=\"pg-28406-2\"  class=\"panel-grid panel-has-style\" ><div class=\"panel-row-style panel-row-style-for-28406-2\" ><div id=\"pgc-28406-2-0\"  class=\"panel-grid-cell panel-grid-cell-empty\" ><div class=\"panel-cell-style panel-cell-style-for-28406-2-0\" ><\/div><\/div><div id=\"pgc-28406-2-1\"  class=\"panel-grid-cell panel-grid-cell-mobile-last\" ><div id=\"panel-28406-2-1-0\" class=\"so-panel widget widget_sow-editor panel-first-child panel-last-child\" data-index=\"2\" ><div\n\t\t\t\n\t\t\tclass=\"so-widget-sow-editor so-widget-sow-editor-base\"\n\t\t\t\n\t\t>\n<div class=\"siteorigin-widget-tinymce textwidget\">\n\t<h3><img fetchpriority=\"high\" fetchpriority=\"high\" decoding=\"async\" class=\"aligncenter wp-image-7600\" src=\"http:\/\/proclass.com.br\/home\/wp-content\/uploads\/2016\/06\/BMD-TrainingPartner3-1024x179.png\" alt=\"\" width=\"760\" height=\"133\" srcset=\"https:\/\/proclass.com.br\/home\/wp-content\/uploads\/2016\/06\/BMD-TrainingPartner3-1024x179.png 1024w, https:\/\/proclass.com.br\/home\/wp-content\/uploads\/2016\/06\/BMD-TrainingPartner3-300x52.png 300w, https:\/\/proclass.com.br\/home\/wp-content\/uploads\/2016\/06\/BMD-TrainingPartner3-768x134.png 768w\" sizes=\"(max-width: 760px) 100vw, 760px\" \/><\/h3>\n<p><a name=\"inicio\"><\/a><\/p>\n<\/div>\n<\/div><\/div><\/div><div id=\"pgc-28406-2-2\"  class=\"panel-grid-cell panel-grid-cell-empty\" ><\/div><\/div><\/div><div id=\"pg-28406-3\"  class=\"panel-grid panel-has-style\" ><div class=\"panel-row-style panel-row-style-for-28406-3\" ><div id=\"pgc-28406-3-0\"  class=\"panel-grid-cell\" ><div class=\"panel-cell-style panel-cell-style-for-28406-3-0\" ><div id=\"panel-28406-3-0-0\" class=\"so-panel widget widget_text panel-first-child panel-last-child\" data-index=\"3\" >\t\t\t<div class=\"textwidget\"><p>Treinamento avan\u00e7ado de gerenciamento e fluxos de cor, voltado para quem j\u00e1 tem experi\u00eancia como colorista ou como editor de v\u00eddeo.<\/p>\n<p>A filmagem em RAW, diferentes espa\u00e7os de cor e profundidade de bits, trouxe muita flexibilidade para o colorista. Ao mesmo tempo, o mercado implementou diversos padr\u00f5es de entrega, portanto a prepara\u00e7\u00e3o das imagens e defini\u00e7\u00e3o do workflow correto para cada projeto \u00e9 mais importante do que nunca. Um fluxo de trabalho errado ou inconsistente pode resultar na imediata perda de resolu\u00e7\u00e3o, re-trabalhos na hora de exportar para os exibidores de conte\u00fado e limita\u00e7\u00e3o no uso das ferramentas de corre\u00e7\u00e3o de cor.<\/p>\n<p>Trata-se de um estudo muito aprofundado, com o compromisso de formar profissionais seguros para lidar com gerenciamento, fluxos e processos no trabalho de tratamento e corre\u00e7\u00e3o de cor.<\/p>\n<p>Voc\u00ea vai entender as diversas formas de transformar um espa\u00e7o de cor em qualquer outro, adequa-los ao dispositivo de exibi\u00e7\u00e3o e vivenciar os fluxos de trabalho comumente usados \u200b\u200bem projetos internacionais e recomenda\u00e7\u00f5es da Netflix, Disney, e outras empresas de Streaming. Esse processo \u00e9 especialmente importante para Cinema e VOB<\/p>\n<p>Turma online ao vivo, por videoconfer\u00eancia, sempre com o instrutor presente. As aulas ser\u00e3o gravadas e disponibilizadas aos alunos ao final do curso.<\/p>\n<p><u>Pr\u00f3xima turma:<\/u><\/p>\n<p>Data: 15 a 24 de Abril de 2025 (2 semanas)<\/p>\n<p>Dias: Ter\u00e7as, quartas e quintas<\/p>\n<p>Hor\u00e1rio: 19 \u00e0s 22h<\/p>\n<p>Valor: R$1.997,00<\/p>\n<p>Pagamento em at\u00e9 10x sem juros no cart\u00e3o de cr\u00e9dito<\/p>\n<p><script src=\"https:\/\/www.paypal.com\/sdk\/js?client-id=BAArojRhThLi_M5Y_kd_YyE3e2SfZ908-5ZBxcdHcccIFfQbsE9LRULZ5cFT5r5i7dBFHSCkOa8wi5RT8M&#038;components=hosted-buttons&#038;disable-funding=venmo&#038;currency=BRL\"><\/script><\/p>\n<div id=\"paypal-container-KCNASDPDQQAWU\"><\/div>\n<p><script>\n  paypal.HostedButtons({\n    hostedButtonId: \"KCNASDPDQQAWU\",\n  }).render(\"#paypal-container-KCNASDPDQQAWU\")\n<\/script><\/p>\n<\/div>\n\t\t<\/div><\/div><\/div><\/div><\/div><\/div>","protected":false},"excerpt":{"rendered":"<p>DaVinci Color Management &#8211; Curso Online Treinamento avan\u00e7ado sobre gerenciamento e fluxos de corre\u00e7\u00e3o de cor A ProClass e a Blackmagic Design A ProClass foi uma das primeiras escolas do mundo licenciadas pela Blackmagic Design para oferecer cursos e certifica\u00e7\u00f5es oficiais em DaVinci Resolve. Treinamento avan\u00e7ado de gerenciamento e fluxos de cor, voltado para quemContinue reading &rarr;<\/p>\n","protected":false},"author":4,"featured_media":0,"parent":7277,"menu_order":0,"comment_status":"closed","ping_status":"closed","template":"","meta":{"footnotes":""},"class_list":["post-28406","page","type-page","status-publish","hentry","no-thumb"],"yoast_head":"<!-- This site is optimized with the Yoast SEO plugin v26.9 - https:\/\/yoast.com\/product\/yoast-seo-wordpress\/ -->\n<title>Curso DaVinci Resolve - Color Management - PROCLASS<\/title>\n<meta name=\"description\" content=\"Treinamento avan\u00e7ado de gerenciamento de cor para coloristas e editores. Aprenda fluxos de trabalho usados em cinema e streaming, seguindo padr\u00f5es da ind\u00fastria\" \/>\n<meta name=\"robots\" content=\"index, follow, max-snippet:-1, max-image-preview:large, max-video-preview:-1\" \/>\n<link rel=\"canonical\" href=\"https:\/\/proclass.com.br\/home\/cursos\/color-management\/\" \/>\n<meta property=\"og:locale\" content=\"pt_BR\" \/>\n<meta property=\"og:type\" content=\"article\" \/>\n<meta property=\"og:title\" content=\"Curso DaVinci Resolve - Color Management - PROCLASS\" \/>\n<meta property=\"og:description\" content=\"Treinamento avan\u00e7ado de gerenciamento de cor para coloristas e editores. Aprenda fluxos de trabalho usados em cinema e streaming, seguindo padr\u00f5es da ind\u00fastria\" \/>\n<meta property=\"og:url\" content=\"https:\/\/proclass.com.br\/home\/cursos\/color-management\/\" \/>\n<meta property=\"og:site_name\" content=\"PROCLASS\" \/>\n<meta property=\"article:modified_time\" content=\"2025-03-25T20:45:25+00:00\" \/>\n<meta property=\"og:image\" content=\"https:\/\/proclass.com.br\/home\/wp-content\/uploads\/2016\/06\/BMD-TrainingPartner3.png\" \/>\n\t<meta property=\"og:image:width\" content=\"2835\" \/>\n\t<meta property=\"og:image:height\" content=\"495\" \/>\n\t<meta property=\"og:image:type\" content=\"image\/png\" \/>\n<meta name=\"twitter:card\" content=\"summary_large_image\" \/>\n<meta name=\"twitter:label1\" content=\"Est. tempo de leitura\" \/>\n\t<meta name=\"twitter:data1\" content=\"4 minutos\" \/>\n<script type=\"application\/ld+json\" class=\"yoast-schema-graph\">{\"@context\":\"https:\/\/schema.org\",\"@graph\":[{\"@type\":\"WebPage\",\"@id\":\"https:\/\/proclass.com.br\/home\/cursos\/color-management\/\",\"url\":\"https:\/\/proclass.com.br\/home\/cursos\/color-management\/\",\"name\":\"Curso DaVinci Resolve - Color Management - PROCLASS\",\"isPartOf\":{\"@id\":\"https:\/\/proclass.com.br\/home\/#website\"},\"primaryImageOfPage\":{\"@id\":\"https:\/\/proclass.com.br\/home\/cursos\/color-management\/#primaryimage\"},\"image\":{\"@id\":\"https:\/\/proclass.com.br\/home\/cursos\/color-management\/#primaryimage\"},\"thumbnailUrl\":\"http:\/\/proclass.com.br\/home\/wp-content\/uploads\/2016\/06\/BMD-TrainingPartner3-1024x179.png\",\"datePublished\":\"2024-11-26T15:03:07+00:00\",\"dateModified\":\"2025-03-25T20:45:25+00:00\",\"description\":\"Treinamento avan\u00e7ado de gerenciamento de cor para coloristas e editores. Aprenda fluxos de trabalho usados em cinema e streaming, seguindo padr\u00f5es da ind\u00fastria\",\"breadcrumb\":{\"@id\":\"https:\/\/proclass.com.br\/home\/cursos\/color-management\/#breadcrumb\"},\"inLanguage\":\"pt-BR\",\"potentialAction\":[{\"@type\":\"ReadAction\",\"target\":[\"https:\/\/proclass.com.br\/home\/cursos\/color-management\/\"]}]},{\"@type\":\"ImageObject\",\"inLanguage\":\"pt-BR\",\"@id\":\"https:\/\/proclass.com.br\/home\/cursos\/color-management\/#primaryimage\",\"url\":\"https:\/\/proclass.com.br\/home\/wp-content\/uploads\/2016\/06\/BMD-TrainingPartner3.png\",\"contentUrl\":\"https:\/\/proclass.com.br\/home\/wp-content\/uploads\/2016\/06\/BMD-TrainingPartner3.png\",\"width\":2835,\"height\":495},{\"@type\":\"BreadcrumbList\",\"@id\":\"https:\/\/proclass.com.br\/home\/cursos\/color-management\/#breadcrumb\",\"itemListElement\":[{\"@type\":\"ListItem\",\"position\":1,\"name\":\"In\u00edcio\",\"item\":\"https:\/\/proclass.com.br\/home\/\"},{\"@type\":\"ListItem\",\"position\":2,\"name\":\"CURSOS\",\"item\":\"https:\/\/proclass.com.br\/home\/cursos\/\"},{\"@type\":\"ListItem\",\"position\":3,\"name\":\"Curso DaVinci Resolve &#8211; Color Management\"}]},{\"@type\":\"WebSite\",\"@id\":\"https:\/\/proclass.com.br\/home\/#website\",\"url\":\"https:\/\/proclass.com.br\/home\/\",\"name\":\"PROCLASS\",\"description\":\"CURSOS E TREINAMENTOS\",\"publisher\":{\"@id\":\"https:\/\/proclass.com.br\/home\/#organization\"},\"potentialAction\":[{\"@type\":\"SearchAction\",\"target\":{\"@type\":\"EntryPoint\",\"urlTemplate\":\"https:\/\/proclass.com.br\/home\/?s={search_term_string}\"},\"query-input\":{\"@type\":\"PropertyValueSpecification\",\"valueRequired\":true,\"valueName\":\"search_term_string\"}}],\"inLanguage\":\"pt-BR\"},{\"@type\":\"Organization\",\"@id\":\"https:\/\/proclass.com.br\/home\/#organization\",\"name\":\"PROCLASS\",\"url\":\"https:\/\/proclass.com.br\/home\/\",\"logo\":{\"@type\":\"ImageObject\",\"inLanguage\":\"pt-BR\",\"@id\":\"https:\/\/proclass.com.br\/home\/#\/schema\/logo\/image\/\",\"url\":\"https:\/\/proclass.com.br\/home\/wp-content\/uploads\/2023\/06\/CABECALHO-black_PROCLASS-2023.png\",\"contentUrl\":\"https:\/\/proclass.com.br\/home\/wp-content\/uploads\/2023\/06\/CABECALHO-black_PROCLASS-2023.png\",\"width\":2563,\"height\":911,\"caption\":\"PROCLASS\"},\"image\":{\"@id\":\"https:\/\/proclass.com.br\/home\/#\/schema\/logo\/image\/\"}}]}<\/script>\n<!-- \/ Yoast SEO plugin. -->","yoast_head_json":{"title":"Curso DaVinci Resolve - Color Management - PROCLASS","description":"Treinamento avan\u00e7ado de gerenciamento de cor para coloristas e editores. Aprenda fluxos de trabalho usados em cinema e streaming, seguindo padr\u00f5es da ind\u00fastria","robots":{"index":"index","follow":"follow","max-snippet":"max-snippet:-1","max-image-preview":"max-image-preview:large","max-video-preview":"max-video-preview:-1"},"canonical":"https:\/\/proclass.com.br\/home\/cursos\/color-management\/","og_locale":"pt_BR","og_type":"article","og_title":"Curso DaVinci Resolve - Color Management - PROCLASS","og_description":"Treinamento avan\u00e7ado de gerenciamento de cor para coloristas e editores. Aprenda fluxos de trabalho usados em cinema e streaming, seguindo padr\u00f5es da ind\u00fastria","og_url":"https:\/\/proclass.com.br\/home\/cursos\/color-management\/","og_site_name":"PROCLASS","article_modified_time":"2025-03-25T20:45:25+00:00","og_image":[{"width":2835,"height":495,"url":"https:\/\/proclass.com.br\/home\/wp-content\/uploads\/2016\/06\/BMD-TrainingPartner3.png","type":"image\/png"}],"twitter_card":"summary_large_image","twitter_misc":{"Est. tempo de leitura":"4 minutos"},"schema":{"@context":"https:\/\/schema.org","@graph":[{"@type":"WebPage","@id":"https:\/\/proclass.com.br\/home\/cursos\/color-management\/","url":"https:\/\/proclass.com.br\/home\/cursos\/color-management\/","name":"Curso DaVinci Resolve - Color Management - PROCLASS","isPartOf":{"@id":"https:\/\/proclass.com.br\/home\/#website"},"primaryImageOfPage":{"@id":"https:\/\/proclass.com.br\/home\/cursos\/color-management\/#primaryimage"},"image":{"@id":"https:\/\/proclass.com.br\/home\/cursos\/color-management\/#primaryimage"},"thumbnailUrl":"http:\/\/proclass.com.br\/home\/wp-content\/uploads\/2016\/06\/BMD-TrainingPartner3-1024x179.png","datePublished":"2024-11-26T15:03:07+00:00","dateModified":"2025-03-25T20:45:25+00:00","description":"Treinamento avan\u00e7ado de gerenciamento de cor para coloristas e editores. Aprenda fluxos de trabalho usados em cinema e streaming, seguindo padr\u00f5es da ind\u00fastria","breadcrumb":{"@id":"https:\/\/proclass.com.br\/home\/cursos\/color-management\/#breadcrumb"},"inLanguage":"pt-BR","potentialAction":[{"@type":"ReadAction","target":["https:\/\/proclass.com.br\/home\/cursos\/color-management\/"]}]},{"@type":"ImageObject","inLanguage":"pt-BR","@id":"https:\/\/proclass.com.br\/home\/cursos\/color-management\/#primaryimage","url":"https:\/\/proclass.com.br\/home\/wp-content\/uploads\/2016\/06\/BMD-TrainingPartner3.png","contentUrl":"https:\/\/proclass.com.br\/home\/wp-content\/uploads\/2016\/06\/BMD-TrainingPartner3.png","width":2835,"height":495},{"@type":"BreadcrumbList","@id":"https:\/\/proclass.com.br\/home\/cursos\/color-management\/#breadcrumb","itemListElement":[{"@type":"ListItem","position":1,"name":"In\u00edcio","item":"https:\/\/proclass.com.br\/home\/"},{"@type":"ListItem","position":2,"name":"CURSOS","item":"https:\/\/proclass.com.br\/home\/cursos\/"},{"@type":"ListItem","position":3,"name":"Curso DaVinci Resolve &#8211; Color Management"}]},{"@type":"WebSite","@id":"https:\/\/proclass.com.br\/home\/#website","url":"https:\/\/proclass.com.br\/home\/","name":"PROCLASS","description":"CURSOS E TREINAMENTOS","publisher":{"@id":"https:\/\/proclass.com.br\/home\/#organization"},"potentialAction":[{"@type":"SearchAction","target":{"@type":"EntryPoint","urlTemplate":"https:\/\/proclass.com.br\/home\/?s={search_term_string}"},"query-input":{"@type":"PropertyValueSpecification","valueRequired":true,"valueName":"search_term_string"}}],"inLanguage":"pt-BR"},{"@type":"Organization","@id":"https:\/\/proclass.com.br\/home\/#organization","name":"PROCLASS","url":"https:\/\/proclass.com.br\/home\/","logo":{"@type":"ImageObject","inLanguage":"pt-BR","@id":"https:\/\/proclass.com.br\/home\/#\/schema\/logo\/image\/","url":"https:\/\/proclass.com.br\/home\/wp-content\/uploads\/2023\/06\/CABECALHO-black_PROCLASS-2023.png","contentUrl":"https:\/\/proclass.com.br\/home\/wp-content\/uploads\/2023\/06\/CABECALHO-black_PROCLASS-2023.png","width":2563,"height":911,"caption":"PROCLASS"},"image":{"@id":"https:\/\/proclass.com.br\/home\/#\/schema\/logo\/image\/"}}]}},"_links":{"self":[{"href":"https:\/\/proclass.com.br\/home\/wp-json\/wp\/v2\/pages\/28406","targetHints":{"allow":["GET"]}}],"collection":[{"href":"https:\/\/proclass.com.br\/home\/wp-json\/wp\/v2\/pages"}],"about":[{"href":"https:\/\/proclass.com.br\/home\/wp-json\/wp\/v2\/types\/page"}],"author":[{"embeddable":true,"href":"https:\/\/proclass.com.br\/home\/wp-json\/wp\/v2\/users\/4"}],"replies":[{"embeddable":true,"href":"https:\/\/proclass.com.br\/home\/wp-json\/wp\/v2\/comments?post=28406"}],"version-history":[{"count":33,"href":"https:\/\/proclass.com.br\/home\/wp-json\/wp\/v2\/pages\/28406\/revisions"}],"predecessor-version":[{"id":29608,"href":"https:\/\/proclass.com.br\/home\/wp-json\/wp\/v2\/pages\/28406\/revisions\/29608"}],"up":[{"embeddable":true,"href":"https:\/\/proclass.com.br\/home\/wp-json\/wp\/v2\/pages\/7277"}],"wp:attachment":[{"href":"https:\/\/proclass.com.br\/home\/wp-json\/wp\/v2\/media?parent=28406"}],"curies":[{"name":"wp","href":"https:\/\/api.w.org\/{rel}","templated":true}]}}