{"id":2617,"date":"2013-01-03T16:03:44","date_gmt":"2013-01-03T19:03:44","guid":{"rendered":"http:\/\/proclass.com.br\/home\/?page_id=2617"},"modified":"2021-06-16T18:40:55","modified_gmt":"2021-06-16T21:40:55","slug":"ios-foto-e-video","status":"publish","type":"page","link":"https:\/\/proclass.com.br\/home\/cursos\/ios-foto-e-video\/","title":{"rendered":"iOS Foto e V\u00eddeo"},"content":{"rendered":"<div id=\"pl-2617\"  class=\"panel-layout\" ><div id=\"pg-2617-0\"  class=\"panel-grid panel-has-style\" ><div class=\"siteorigin-panels-stretch panel-row-style panel-row-style-for-2617-0\" data-stretch-type=\"full-stretched\" ><div id=\"pgc-2617-0-0\"  class=\"panel-grid-cell\" ><div id=\"panel-2617-0-0-0\" class=\"so-panel widget widget_sow-hero panel-first-child panel-last-child\" data-index=\"0\" ><div\n\t\t\t\n\t\t\tclass=\"so-widget-sow-hero so-widget-sow-hero-default-aab92b2c6559-2617 so-widget-fittext-wrapper\"\n\t\t\t data-fit-text-compressor=\"0.85\"\n\t\t>\t\t\t\t<div class=\"sow-slider-base\" style=\"display: none\" tabindex=\"0\">\n\t\t\t\t\t<ul\n\t\t\t\t\tclass=\"sow-slider-images\"\n\t\t\t\t\tdata-settings=\"{&quot;pagination&quot;:true,&quot;speed&quot;:800,&quot;timeout&quot;:8000,&quot;paused&quot;:false,&quot;pause_on_hover&quot;:false,&quot;swipe&quot;:true,&quot;nav_always_show_desktop&quot;:&quot;&quot;,&quot;nav_always_show_mobile&quot;:&quot;&quot;,&quot;breakpoint&quot;:&quot;780px&quot;,&quot;unmute&quot;:false,&quot;anchor&quot;:null}\"\n\t\t\t\t\t\t\t\t\t\tdata-anchor-id=\"\"\n\t\t\t\t>\t\t<li class=\"sow-slider-image  sow-slider-image-cover\" style=\"visibility: visible;;background-color: #333333\" >\n\t\t\t\t\t<div class=\"sow-slider-image-container\">\n\t\t\t<div class=\"sow-slider-image-wrapper\">\n\t\t\t\t<h1 style=\"text-align: center\">Foto e v\u00eddeo com iPhone<\/h1><p style=\"text-align: center\">Suas mem\u00f3rias, registradas\u00a0com o devido valor<\/p><p style=\"text-align: center\">\u00a0<\/p>\t\t\t<\/div>\n\t\t<\/div>\n\t\t<div class=\"sow-slider-image-overlay sow-slider-image-cover\" style=\"opacity: 0.41;background-image: url(https:\/\/proclass.com.br\/home\/wp-content\/uploads\/2013\/01\/Analog-Camera-for-iOS-teaser-001.jpg)\"  ><\/div>\t\t<\/li>\n\t\t<\/ul>\t\t\t\t<ol class=\"sow-slider-pagination\">\n\t\t\t\t\t\t\t\t\t\t\t<li><a href=\"#\" data-goto=\"0\" aria-label=\"Display slide 1\"><\/a><\/li>\n\t\t\t\t\t\t\t\t\t<\/ol>\n\n\t\t\t\t<div class=\"sow-slide-nav sow-slide-nav-next\">\n\t\t\t\t\t<a href=\"#\" data-goto=\"next\" aria-label=\"Next slide\" data-action=\"next\">\n\t\t\t\t\t\t<em class=\"sow-sld-icon-thin-right\"><\/em>\n\t\t\t\t\t<\/a>\n\t\t\t\t<\/div>\n\n\t\t\t\t<div class=\"sow-slide-nav sow-slide-nav-prev\">\n\t\t\t\t\t<a href=\"#\" data-goto=\"previous\" aria-label=\"Previous slide\" data-action=\"prev\">\n\t\t\t\t\t\t<em class=\"sow-sld-icon-thin-left\"><\/em>\n\t\t\t\t\t<\/a>\n\t\t\t\t<\/div>\n\t\t\t\t<\/div><\/div><\/div><\/div><\/div><\/div><div id=\"pg-2617-1\"  class=\"panel-grid panel-has-style\" ><div class=\"siteorigin-panels-stretch panel-row-style panel-row-style-for-2617-1\" data-stretch-type=\"full\" ><div id=\"pgc-2617-1-0\"  class=\"panel-grid-cell\" ><div id=\"panel-2617-1-0-0\" class=\"so-panel widget widget_sow-headline panel-first-child panel-last-child\" data-index=\"1\" ><div class=\"panel-widget-style panel-widget-style-for-2617-1-0-0\" ><div\n\t\t\t\n\t\t\tclass=\"so-widget-sow-headline so-widget-sow-headline-default-8c430a345832-2617\"\n\t\t\t\n\t\t><div class=\"sow-headline-container \">\n\t\t\t\t\t\t\t<h1 class=\"sow-headline\">\n\t\t\t\t\t\tApple e a ProClass\t\t\t\t\t\t<\/h1>\n\t\t\t\t\t\t\t\t\t\t\t\t<h3 class=\"sow-sub-headline\">\n\t\t\t\t\t\tA ProClass foi, entre 2012 e 2020, a \u00fanica escola homologada Apple do Brasil. Em Janeiro de 2021 a Apple encerrou seu sistema de parcerias com as escolas, mas a ProClass continua oferecendo os treinamentos Apple\t\t\t\t\t\t<\/h3>\n\t\t\t\t\t\t<\/div>\n<\/div><\/div><\/div><\/div><\/div><\/div><div id=\"pg-2617-2\"  class=\"panel-grid panel-no-style\" ><div id=\"pgc-2617-2-0\"  class=\"panel-grid-cell\" ><div id=\"panel-2617-2-0-0\" class=\"so-panel widget widget_sow-editor panel-first-child panel-last-child\" data-index=\"2\" ><div\n\t\t\t\n\t\t\tclass=\"so-widget-sow-editor so-widget-sow-editor-base\"\n\t\t\t\n\t\t>\n<div class=\"siteorigin-widget-tinymce textwidget\">\n\t<h2 style=\"text-align: left;\"><strong>Foto e v\u00eddeo com iPhone<\/strong><\/h2>\n<p>Neste curso, alunos s\u00e3o apresentados aos conceitos e t\u00e9cnicas essenciais de captura e fotografia al\u00e9m de entender o sistema de ajustes luz de cor do iPhone. Tamb\u00e9m s\u00e3o vistos alguns dos\u00a0aplicativos mais sofisticados da iTunes App Store, para cria\u00e7\u00e3o de efeitos, produ\u00e7\u00e3o de v\u00eddeos e montagens.<\/p>\n<p><span style=\"text-decoration: underline;\">Curso realizado em turmas fechadas, para grupos ou empresas, com hor\u00e1rio marcado previamente.<\/span><\/p>\n<section class=\"elementor-section elementor-top-section elementor-element elementor-element-9f228be elementor-section-boxed elementor-section-height-default elementor-section-height-default\" data-id=\"9f228be\" data-element_type=\"section\">\n<div class=\"elementor-container elementor-column-gap-default\">\n<div class=\"elementor-row\">\n<div class=\"elementor-column elementor-col-100 elementor-top-column elementor-element elementor-element-7885322\" data-id=\"7885322\" data-element_type=\"column\">\n<div class=\"elementor-column-wrap elementor-element-populated\">\n<div class=\"elementor-widget-wrap\">\n<div class=\"elementor-element elementor-element-d3f66e3 elementor-widget elementor-widget-text-editor\" data-id=\"d3f66e3\" data-element_type=\"widget\" data-widget_type=\"text-editor.default\">\n<div class=\"elementor-widget-container\">\n<div class=\"elementor-text-editor elementor-clearfix\">\n<p><strong>Entre em contato para solicitar um or\u00e7amento, ou receber mais informa\u00e7\u00f5es: info@proclass.com.br ou WhatsApp: (21)\u00a0<a href=\"https:\/\/api.whatsapp.com\/send?phone=5521976157922\">97615-7922<\/a><\/strong><\/p>\n<\/div>\n<\/div>\n<\/div>\n<\/div>\n<\/div>\n<\/div>\n<\/div>\n<\/div>\n<\/section>\n<section class=\"elementor-section elementor-top-section elementor-element elementor-element-3f0cf40 elementor-section-content-middle elementor-section-boxed elementor-section-height-default elementor-section-height-default\" data-id=\"3f0cf40\" data-element_type=\"section\">\n<div class=\"elementor-container elementor-column-gap-wide\">\n<div class=\"elementor-row\">\n<div class=\"elementor-column elementor-col-100 elementor-top-column elementor-element elementor-element-4d33b73\" data-id=\"4d33b73\" data-element_type=\"column\">\n<div class=\"elementor-column-wrap elementor-element-populated\">\n<div class=\"elementor-widget-wrap\">\n<div class=\"elementor-element elementor-element-9620bb5 elementor-widget elementor-widget-heading\" data-id=\"9620bb5\" data-element_type=\"widget\" data-widget_type=\"heading.default\">\n<div class=\"elementor-widget-container\"><\/div>\n<\/div>\n<\/div>\n<\/div>\n<\/div>\n<\/div>\n<\/div>\n<\/section>\n<div id=\"accordions-6824\" class=\"accordions-6824 accordions\" data-accordions={&quot;lazyLoad&quot;:false,&quot;id&quot;:&quot;6824&quot;,&quot;event&quot;:&quot;click&quot;,&quot;collapsible&quot;:&quot;true&quot;,&quot;heightStyle&quot;:&quot;content&quot;,&quot;animateStyle&quot;:&quot;swing&quot;,&quot;animateDelay&quot;:1000,&quot;navigation&quot;:true,&quot;active&quot;:999,&quot;expandedOther&quot;:&quot;no&quot;}>\r\n                <div class=\"items\" >\r\n    \r\n            <div post_id=\"6824\" itemcount=\"0\"  header_id=\"header-0\" id=\"header-0\" style=\"\" class=\"accordions-head head0 border-none\" toggle-text=\"\" main-text=\"Objetivos\">\r\n                                    <span id=\"accordion-icons-0\" class=\"accordion-icons\">\r\n                        <span class=\"accordion-icon-active accordion-plus\"><i class=\"fa fa-plus-square\"><\/i><\/span>\r\n                        <span class=\"accordion-icon-inactive accordion-minus\"><i class=\"fa fa-minus-square\"><\/i><\/span>\r\n                    <\/span>\r\n                    <span id=\"header-text-0\" class=\"accordions-head-title\">Objetivos<\/span>\r\n                            <\/div>\r\n            <div class=\"accordion-content content0 \">\r\n                <p>Realizar captura de fotos panor\u00e2micas<\/p>\n<p>Conhecer t\u00e9cnicas de ajustes de cor<\/p>\n<p>Aprender a criar efeitos e criar texturas art\u00edsticas em fotos e v\u00eddeos<\/p>\n<p>Compreender os sistemas de distribui\u00e7\u00e3o de fotos na internet<\/p>\n            <\/div>\r\n    \r\n            <div post_id=\"6824\" itemcount=\"1\"  header_id=\"header-1482875900075\" id=\"header-1482875900075\" style=\"\" class=\"accordions-head head1482875900075 border-none\" toggle-text=\"\" main-text=\"Conte\u00fados\">\r\n                                    <span id=\"accordion-icons-1482875900075\" class=\"accordion-icons\">\r\n                        <span class=\"accordion-icon-active accordion-plus\"><i class=\"fa fa-plus-square\"><\/i><\/span>\r\n                        <span class=\"accordion-icon-inactive accordion-minus\"><i class=\"fa fa-minus-square\"><\/i><\/span>\r\n                    <\/span>\r\n                    <span id=\"header-text-1482875900075\" class=\"accordions-head-title\">Conte\u00fados<\/span>\r\n                            <\/div>\r\n            <div class=\"accordion-content content1482875900075 \">\r\n                <p>Estabilidade: como segurar o iPhone<\/p>\n<p>Diferen\u00e7a entre c\u00e2mera frontal e traseira<\/p>\n<p>O que \u00e9 HDR?<\/p>\n<p>Como limpar e cuidar da lente do iPhone e iPad<\/p>\n<p>Condi\u00e7\u00f5es de Luz e exposi\u00e7\u00e3o<\/p>\n<p>Quando usar ou n\u00e3o o flash?<\/p>\n<p>Foco autom\u00e1tico e manual<\/p>\n<p>Dicas para fazer uma boa foto em panorama<\/p>\n<p>Geotag<\/p>\n<p>Como tirar fotos enquanto filma um v\u00eddeo<\/p>\n<p>Acess\u00f3rios para fotografia com iPhone<\/p>\n<p>Corre\u00e7\u00e3o de olhos vermelhos<\/p>\n<p>Montagens de fotos<\/p>\n<p>Cria\u00e7\u00e3o de efeitos art\u00edsticos<\/p>\n<p>Gerenciamento de fotos<\/p>\n<p>Camera Roll Vs. Photo Stream<\/p>\n<p>iPhoto para iOS<\/p>\n<p>Compartilhamento de fotos<\/p>\n            <\/div>\r\n    <\/div>\r\n\r\n\r\n\r\n            <\/div>\n<\/div>\n<\/div><\/div><\/div><\/div><\/div>","protected":false},"excerpt":{"rendered":"<p>Foto e v\u00eddeo com iPhoneSuas mem\u00f3rias, registradas\u00a0com o devido valor\u00a0 Apple e a ProClass A ProClass foi, entre 2012 e 2020, a \u00fanica escola homologada Apple do Brasil. Em Janeiro de 2021 a Apple encerrou seu sistema de parcerias com as escolas, mas a ProClass continua oferecendo os treinamentos Apple Foto e v\u00eddeo com iPhoneContinue reading &rarr;<\/p>\n","protected":false},"author":4,"featured_media":0,"parent":7277,"menu_order":0,"comment_status":"closed","ping_status":"closed","template":"","meta":{"footnotes":""},"class_list":["post-2617","page","type-page","status-publish","hentry","no-thumb"],"yoast_head":"<!-- This site is optimized with the Yoast SEO plugin v26.9 - https:\/\/yoast.com\/product\/yoast-seo-wordpress\/ -->\n<title>iOS Foto e V\u00eddeo - PROCLASS<\/title>\n<meta name=\"robots\" content=\"index, follow, max-snippet:-1, max-image-preview:large, max-video-preview:-1\" \/>\n<link rel=\"canonical\" href=\"https:\/\/proclass.com.br\/home\/cursos\/ios-foto-e-video\/\" \/>\n<meta property=\"og:locale\" content=\"pt_BR\" \/>\n<meta property=\"og:type\" content=\"article\" \/>\n<meta property=\"og:title\" content=\"iOS Foto e V\u00eddeo - PROCLASS\" \/>\n<meta property=\"og:description\" content=\"Foto e v\u00eddeo com iPhoneSuas mem\u00f3rias, registradas\u00a0com o devido valor\u00a0 Apple e a ProClass A ProClass foi, entre 2012 e 2020, a \u00fanica escola homologada Apple do Brasil. Em Janeiro de 2021 a Apple encerrou seu sistema de parcerias com as escolas, mas a ProClass continua oferecendo os treinamentos Apple Foto e v\u00eddeo com iPhoneContinue reading &rarr;\" \/>\n<meta property=\"og:url\" content=\"https:\/\/proclass.com.br\/home\/cursos\/ios-foto-e-video\/\" \/>\n<meta property=\"og:site_name\" content=\"PROCLASS\" \/>\n<meta property=\"article:modified_time\" content=\"2021-06-16T21:40:55+00:00\" \/>\n<meta name=\"twitter:card\" content=\"summary_large_image\" \/>\n<meta name=\"twitter:label1\" content=\"Est. tempo de leitura\" \/>\n\t<meta name=\"twitter:data1\" content=\"1 minuto\" \/>\n<script type=\"application\/ld+json\" class=\"yoast-schema-graph\">{\"@context\":\"https:\/\/schema.org\",\"@graph\":[{\"@type\":\"WebPage\",\"@id\":\"https:\/\/proclass.com.br\/home\/cursos\/ios-foto-e-video\/\",\"url\":\"https:\/\/proclass.com.br\/home\/cursos\/ios-foto-e-video\/\",\"name\":\"iOS Foto e V\u00eddeo - PROCLASS\",\"isPartOf\":{\"@id\":\"https:\/\/proclass.com.br\/home\/#website\"},\"datePublished\":\"2013-01-03T19:03:44+00:00\",\"dateModified\":\"2021-06-16T21:40:55+00:00\",\"breadcrumb\":{\"@id\":\"https:\/\/proclass.com.br\/home\/cursos\/ios-foto-e-video\/#breadcrumb\"},\"inLanguage\":\"pt-BR\",\"potentialAction\":[{\"@type\":\"ReadAction\",\"target\":[\"https:\/\/proclass.com.br\/home\/cursos\/ios-foto-e-video\/\"]}]},{\"@type\":\"BreadcrumbList\",\"@id\":\"https:\/\/proclass.com.br\/home\/cursos\/ios-foto-e-video\/#breadcrumb\",\"itemListElement\":[{\"@type\":\"ListItem\",\"position\":1,\"name\":\"In\u00edcio\",\"item\":\"https:\/\/proclass.com.br\/home\/\"},{\"@type\":\"ListItem\",\"position\":2,\"name\":\"CURSOS\",\"item\":\"https:\/\/proclass.com.br\/home\/cursos\/\"},{\"@type\":\"ListItem\",\"position\":3,\"name\":\"iOS Foto e V\u00eddeo\"}]},{\"@type\":\"WebSite\",\"@id\":\"https:\/\/proclass.com.br\/home\/#website\",\"url\":\"https:\/\/proclass.com.br\/home\/\",\"name\":\"PROCLASS\",\"description\":\"CURSOS E TREINAMENTOS\",\"publisher\":{\"@id\":\"https:\/\/proclass.com.br\/home\/#organization\"},\"potentialAction\":[{\"@type\":\"SearchAction\",\"target\":{\"@type\":\"EntryPoint\",\"urlTemplate\":\"https:\/\/proclass.com.br\/home\/?s={search_term_string}\"},\"query-input\":{\"@type\":\"PropertyValueSpecification\",\"valueRequired\":true,\"valueName\":\"search_term_string\"}}],\"inLanguage\":\"pt-BR\"},{\"@type\":\"Organization\",\"@id\":\"https:\/\/proclass.com.br\/home\/#organization\",\"name\":\"PROCLASS\",\"url\":\"https:\/\/proclass.com.br\/home\/\",\"logo\":{\"@type\":\"ImageObject\",\"inLanguage\":\"pt-BR\",\"@id\":\"https:\/\/proclass.com.br\/home\/#\/schema\/logo\/image\/\",\"url\":\"https:\/\/proclass.com.br\/home\/wp-content\/uploads\/2023\/06\/CABECALHO-black_PROCLASS-2023.png\",\"contentUrl\":\"https:\/\/proclass.com.br\/home\/wp-content\/uploads\/2023\/06\/CABECALHO-black_PROCLASS-2023.png\",\"width\":2563,\"height\":911,\"caption\":\"PROCLASS\"},\"image\":{\"@id\":\"https:\/\/proclass.com.br\/home\/#\/schema\/logo\/image\/\"}}]}<\/script>\n<!-- \/ Yoast SEO plugin. -->","yoast_head_json":{"title":"iOS Foto e V\u00eddeo - PROCLASS","robots":{"index":"index","follow":"follow","max-snippet":"max-snippet:-1","max-image-preview":"max-image-preview:large","max-video-preview":"max-video-preview:-1"},"canonical":"https:\/\/proclass.com.br\/home\/cursos\/ios-foto-e-video\/","og_locale":"pt_BR","og_type":"article","og_title":"iOS Foto e V\u00eddeo - PROCLASS","og_description":"Foto e v\u00eddeo com iPhoneSuas mem\u00f3rias, registradas\u00a0com o devido valor\u00a0 Apple e a ProClass A ProClass foi, entre 2012 e 2020, a \u00fanica escola homologada Apple do Brasil. Em Janeiro de 2021 a Apple encerrou seu sistema de parcerias com as escolas, mas a ProClass continua oferecendo os treinamentos Apple Foto e v\u00eddeo com iPhoneContinue reading &rarr;","og_url":"https:\/\/proclass.com.br\/home\/cursos\/ios-foto-e-video\/","og_site_name":"PROCLASS","article_modified_time":"2021-06-16T21:40:55+00:00","twitter_card":"summary_large_image","twitter_misc":{"Est. tempo de leitura":"1 minuto"},"schema":{"@context":"https:\/\/schema.org","@graph":[{"@type":"WebPage","@id":"https:\/\/proclass.com.br\/home\/cursos\/ios-foto-e-video\/","url":"https:\/\/proclass.com.br\/home\/cursos\/ios-foto-e-video\/","name":"iOS Foto e V\u00eddeo - PROCLASS","isPartOf":{"@id":"https:\/\/proclass.com.br\/home\/#website"},"datePublished":"2013-01-03T19:03:44+00:00","dateModified":"2021-06-16T21:40:55+00:00","breadcrumb":{"@id":"https:\/\/proclass.com.br\/home\/cursos\/ios-foto-e-video\/#breadcrumb"},"inLanguage":"pt-BR","potentialAction":[{"@type":"ReadAction","target":["https:\/\/proclass.com.br\/home\/cursos\/ios-foto-e-video\/"]}]},{"@type":"BreadcrumbList","@id":"https:\/\/proclass.com.br\/home\/cursos\/ios-foto-e-video\/#breadcrumb","itemListElement":[{"@type":"ListItem","position":1,"name":"In\u00edcio","item":"https:\/\/proclass.com.br\/home\/"},{"@type":"ListItem","position":2,"name":"CURSOS","item":"https:\/\/proclass.com.br\/home\/cursos\/"},{"@type":"ListItem","position":3,"name":"iOS Foto e V\u00eddeo"}]},{"@type":"WebSite","@id":"https:\/\/proclass.com.br\/home\/#website","url":"https:\/\/proclass.com.br\/home\/","name":"PROCLASS","description":"CURSOS E TREINAMENTOS","publisher":{"@id":"https:\/\/proclass.com.br\/home\/#organization"},"potentialAction":[{"@type":"SearchAction","target":{"@type":"EntryPoint","urlTemplate":"https:\/\/proclass.com.br\/home\/?s={search_term_string}"},"query-input":{"@type":"PropertyValueSpecification","valueRequired":true,"valueName":"search_term_string"}}],"inLanguage":"pt-BR"},{"@type":"Organization","@id":"https:\/\/proclass.com.br\/home\/#organization","name":"PROCLASS","url":"https:\/\/proclass.com.br\/home\/","logo":{"@type":"ImageObject","inLanguage":"pt-BR","@id":"https:\/\/proclass.com.br\/home\/#\/schema\/logo\/image\/","url":"https:\/\/proclass.com.br\/home\/wp-content\/uploads\/2023\/06\/CABECALHO-black_PROCLASS-2023.png","contentUrl":"https:\/\/proclass.com.br\/home\/wp-content\/uploads\/2023\/06\/CABECALHO-black_PROCLASS-2023.png","width":2563,"height":911,"caption":"PROCLASS"},"image":{"@id":"https:\/\/proclass.com.br\/home\/#\/schema\/logo\/image\/"}}]}},"_links":{"self":[{"href":"https:\/\/proclass.com.br\/home\/wp-json\/wp\/v2\/pages\/2617","targetHints":{"allow":["GET"]}}],"collection":[{"href":"https:\/\/proclass.com.br\/home\/wp-json\/wp\/v2\/pages"}],"about":[{"href":"https:\/\/proclass.com.br\/home\/wp-json\/wp\/v2\/types\/page"}],"author":[{"embeddable":true,"href":"https:\/\/proclass.com.br\/home\/wp-json\/wp\/v2\/users\/4"}],"replies":[{"embeddable":true,"href":"https:\/\/proclass.com.br\/home\/wp-json\/wp\/v2\/comments?post=2617"}],"version-history":[{"count":0,"href":"https:\/\/proclass.com.br\/home\/wp-json\/wp\/v2\/pages\/2617\/revisions"}],"up":[{"embeddable":true,"href":"https:\/\/proclass.com.br\/home\/wp-json\/wp\/v2\/pages\/7277"}],"wp:attachment":[{"href":"https:\/\/proclass.com.br\/home\/wp-json\/wp\/v2\/media?parent=2617"}],"curies":[{"name":"wp","href":"https:\/\/api.w.org\/{rel}","templated":true}]}}