{"id":13436,"date":"2021-04-13T16:52:18","date_gmt":"2021-04-13T19:52:18","guid":{"rendered":"https:\/\/proclass.com.br\/home\/?page_id=13436"},"modified":"2021-06-18T17:24:44","modified_gmt":"2021-06-18T20:24:44","slug":"iwork","status":"publish","type":"page","link":"https:\/\/proclass.com.br\/home\/cursos\/iwork\/","title":{"rendered":"Curso de Pages, Numbers e Keynote &#8211; Oficial Apple"},"content":{"rendered":"<div id=\"pl-13436\"  class=\"panel-layout\" ><div id=\"pg-13436-0\"  class=\"panel-grid panel-has-style\" ><div class=\"siteorigin-panels-stretch panel-row-style panel-row-style-for-13436-0\" data-stretch-type=\"full-stretched\" ><div id=\"pgc-13436-0-0\"  class=\"panel-grid-cell\" ><div id=\"panel-13436-0-0-0\" class=\"so-panel widget widget_sow-hero panel-first-child panel-last-child\" data-index=\"0\" ><div\n\t\t\t\n\t\t\tclass=\"so-widget-sow-hero so-widget-sow-hero-default-09a9c2aa85c6-13436 so-widget-fittext-wrapper\"\n\t\t\t data-fit-text-compressor=\"0.85\"\n\t\t>\t\t\t\t<div class=\"sow-slider-base\" style=\"display: none\" tabindex=\"0\">\n\t\t\t\t\t<ul\n\t\t\t\t\tclass=\"sow-slider-images\"\n\t\t\t\t\tdata-settings=\"{&quot;pagination&quot;:true,&quot;speed&quot;:800,&quot;timeout&quot;:8000,&quot;paused&quot;:false,&quot;pause_on_hover&quot;:false,&quot;swipe&quot;:true,&quot;nav_always_show_desktop&quot;:&quot;&quot;,&quot;nav_always_show_mobile&quot;:&quot;&quot;,&quot;breakpoint&quot;:&quot;780px&quot;,&quot;unmute&quot;:false,&quot;anchor&quot;:null}\"\n\t\t\t\t\t\t\t\t\t\tdata-anchor-id=\"\"\n\t\t\t\t>\t\t<li class=\"sow-slider-image  sow-slider-image-cover\" style=\"visibility: visible;;background-color: #333333\" >\n\t\t\t\t\t<div class=\"sow-slider-image-container\">\n\t\t\t<div class=\"sow-slider-image-wrapper\">\n\t\t\t\t<h1 style=\"text-align: center\">Pages, Numbers e Keynote<\/h1>\n<p style=\"text-align: center\">Organiza\u00e7\u00e3o e produtividade para seu ambiente corporativo, com a cara da Apple - para Mac<\/p>\n<p style=\"text-align: center\">\n<\/p>\t\t\t<\/div>\n\t\t<\/div>\n\t\t<div class=\"sow-slider-image-overlay sow-slider-image-cover\" style=\"opacity: 0.41;background-image: url(https:\/\/proclass.com.br\/home\/wp-content\/uploads\/2020\/01\/Apple-Updates-Pages-Numbers-and-Keynote-for-macOS-and-iOS-\u2013-Dark-Mode-Recordings-More.jpg)\"  ><\/div>\t\t<\/li>\n\t\t<\/ul>\t\t\t\t<ol class=\"sow-slider-pagination\">\n\t\t\t\t\t\t\t\t\t\t\t<li><a href=\"#\" data-goto=\"0\" aria-label=\"Display slide 1\"><\/a><\/li>\n\t\t\t\t\t\t\t\t\t<\/ol>\n\n\t\t\t\t<div class=\"sow-slide-nav sow-slide-nav-next\">\n\t\t\t\t\t<a href=\"#\" data-goto=\"next\" aria-label=\"Next slide\" data-action=\"next\">\n\t\t\t\t\t\t<em class=\"sow-sld-icon-thin-right\"><\/em>\n\t\t\t\t\t<\/a>\n\t\t\t\t<\/div>\n\n\t\t\t\t<div class=\"sow-slide-nav sow-slide-nav-prev\">\n\t\t\t\t\t<a href=\"#\" data-goto=\"previous\" aria-label=\"Previous slide\" data-action=\"prev\">\n\t\t\t\t\t\t<em class=\"sow-sld-icon-thin-left\"><\/em>\n\t\t\t\t\t<\/a>\n\t\t\t\t<\/div>\n\t\t\t\t<\/div><\/div><\/div><\/div><\/div><\/div><div id=\"pg-13436-1\"  class=\"panel-grid panel-has-style\" ><div class=\"siteorigin-panels-stretch panel-row-style panel-row-style-for-13436-1\" data-stretch-type=\"full\" ><div id=\"pgc-13436-1-0\"  class=\"panel-grid-cell\" ><div id=\"panel-13436-1-0-0\" class=\"so-panel widget widget_sow-headline panel-first-child panel-last-child\" data-index=\"1\" ><div class=\"panel-widget-style panel-widget-style-for-13436-1-0-0\" ><div\n\t\t\t\n\t\t\tclass=\"so-widget-sow-headline so-widget-sow-headline-default-8c430a345832-13436\"\n\t\t\t\n\t\t><div class=\"sow-headline-container \">\n\t\t\t\t\t\t\t<h1 class=\"sow-headline\">\n\t\t\t\t\t\tApple e a ProClass\t\t\t\t\t\t<\/h1>\n\t\t\t\t\t\t\t\t\t\t\t\t<h3 class=\"sow-sub-headline\">\n\t\t\t\t\t\tA ProClass foi, entre 2012 e 2020, a \u00fanica escola homologada Apple do Brasil. Em Janeiro de 2021 a Apple encerrou seu sistema de parcerias com escolas, mas a ProClass continua oferecendo os cursos oficiais\t\t\t\t\t\t<\/h3>\n\t\t\t\t\t\t<\/div>\n<\/div><\/div><\/div><\/div><\/div><\/div><div id=\"pg-13436-2\"  class=\"panel-grid panel-no-style\" ><div id=\"pgc-13436-2-0\"  class=\"panel-grid-cell\" ><div id=\"panel-13436-2-0-0\" class=\"so-panel widget widget_sow-editor panel-first-child panel-last-child\" data-index=\"2\" ><div\n\t\t\t\n\t\t\tclass=\"so-widget-sow-editor so-widget-sow-editor-base\"\n\t\t\t\n\t\t>\n<div class=\"siteorigin-widget-tinymce textwidget\">\n\t<h2 id=\"howto-title\">Pages, Numbers e Keynote<strong>\u00a0<\/strong><\/h2>\n<p>Este \u00e9 o treinamento oficial da Apple em Pages, Numbers e Keynote. Este curso aborda todas as etapas da constru\u00e7\u00e3o de materiais promocionais ou de interesse interno, pensados para uma comunica\u00e7\u00e3o mais eficiente entre empresa, funcion\u00e1rios e mercado consumidor. Voltado para a forma\u00e7\u00e3o profissional, estimula o aluno a incorporar as ferramentas e t\u00e9cnicas avan\u00e7adas de edi\u00e7\u00e3o de texto, constru\u00e7\u00e3o de gr\u00e1ficos e calculadoras em sua rotina empresarial.<\/p>\n<p>Curso realizado em turmas fechadas, para grupos ou empresas, com hor\u00e1rios marcados previamente.<\/p>\n<p><strong>Entre em contato para solicitar um or\u00e7amento, ou receber mais informa\u00e7\u00f5es: info@proclass.com.br ou WhatsApp: (21)\u00a0<a href=\"https:\/\/api.whatsapp.com\/send?phone=5521976157922\">97615-7922<\/a><\/strong><\/p>\n<div id=\"accordions-6857\" class=\"accordions-6857 accordions\" data-accordions={&quot;lazyLoad&quot;:false,&quot;id&quot;:&quot;6857&quot;,&quot;event&quot;:&quot;click&quot;,&quot;collapsible&quot;:&quot;true&quot;,&quot;heightStyle&quot;:&quot;content&quot;,&quot;animateStyle&quot;:&quot;swing&quot;,&quot;animateDelay&quot;:1000,&quot;navigation&quot;:true,&quot;active&quot;:999,&quot;expandedOther&quot;:&quot;no&quot;}>\r\n                <div class=\"items\" >\r\n    \r\n            <div post_id=\"6857\" itemcount=\"0\"  header_id=\"header-0\" id=\"header-0\" style=\"\" class=\"accordions-head head0 border-none\" toggle-text=\"\" main-text=\"Objetivos\">\r\n                                    <span id=\"accordion-icons-0\" class=\"accordion-icons\">\r\n                        <span class=\"accordion-icon-active accordion-plus\"><i class=\"fa fa-plus-square\"><\/i><\/span>\r\n                        <span class=\"accordion-icon-inactive accordion-minus\"><i class=\"fa fa-minus-square\"><\/i><\/span>\r\n                    <\/span>\r\n                    <span id=\"header-text-0\" class=\"accordions-head-title\">Objetivos<\/span>\r\n                            <\/div>\r\n            <div class=\"accordion-content content0 \">\r\n                <p>Criar uma apresenta\u00e7\u00e3o em Keynote de maneira profissional<\/p>\n<p>Aprender m\u00e9todos de anima\u00e7\u00e3o e movimento aos slides do Keynote<\/p>\n<p>Produzir cartazes, flyers, filipetas com Pages.<\/p>\n<p>Entender o processo de cria\u00e7\u00e3o de planilhas de gastos e planejamento de eventos<\/p>\n<p>Assimilar as possibilidades de cria\u00e7\u00e3o de gr\u00e1ficos atrelados a resultados de uma planilha.<\/p>\n            <\/div>\r\n    \r\n            <div post_id=\"6857\" itemcount=\"1\"  header_id=\"header-1482876181799\" id=\"header-1482876181799\" style=\"\" class=\"accordions-head head1482876181799 border-none\" toggle-text=\"\" main-text=\"Conte\u00fados\">\r\n                                    <span id=\"accordion-icons-1482876181799\" class=\"accordion-icons\">\r\n                        <span class=\"accordion-icon-active accordion-plus\"><i class=\"fa fa-plus-square\"><\/i><\/span>\r\n                        <span class=\"accordion-icon-inactive accordion-minus\"><i class=\"fa fa-minus-square\"><\/i><\/span>\r\n                    <\/span>\r\n                    <span id=\"header-text-1482876181799\" class=\"accordions-head-title\">Conte\u00fados<\/span>\r\n                            <\/div>\r\n            <div class=\"accordion-content content1482876181799 \">\r\n                <p><strong>Keynote<\/strong><\/p>\n<ul>\n<li>Cria\u00e7\u00e3o de master slide<\/li>\n<li>Formata\u00e7\u00e3o de textos e tabelas<\/li>\n<li>Adi\u00e7\u00e3o de imagens, gr\u00e1ficos, v\u00eddeos e \u00e1udio<\/li>\n<li>Preparando transi\u00e7\u00f5es entre slides<\/li>\n<li>Cria\u00e7\u00e3o de anima\u00e7\u00e3o 2D e 3D com objetos de um slide<\/li>\n<li>T\u00e9cnicas para ensaio e apresenta\u00e7\u00e3o dos slides<\/li>\n<li>Integra\u00e7\u00e3o com Powerpoint<\/li>\n<li>Publicando apresenta\u00e7\u00f5es na internet, v\u00eddeo, PDF etc.<\/li>\n<\/ul>\n<div><strong>Pages<\/strong><\/div>\n<ul>\n<li>cria\u00e7\u00e3o de relat\u00f3rios<\/li>\n<li>coment\u00e1rios<\/li>\n<li>cria\u00e7\u00e3o de panfletos, flyers e outros materiais gr\u00e1ficos<\/li>\n<li>Produ\u00e7\u00e3o de apostila e exerc\u00edcios para sala de aula<\/li>\n<li>Adi\u00e7\u00e3o de figuras e tratamento de imagem<\/li>\n<li>Integra\u00e7\u00e3o do iPhoto<\/li>\n<li>Produ\u00e7\u00e3o de certificados<\/li>\n<\/ul>\n<div><strong>Numbers<\/strong><\/div>\n<ul>\n<li>Entendendo a diferen\u00e7a entre tabelas e planilhas<\/li>\n<li>Integra\u00e7\u00e3o com gr\u00e1ficos<\/li>\n<li>Cria\u00e7\u00e3o de f\u00f3rmulas para resultado autom\u00e1tico<\/li>\n<li>Cria\u00e7\u00e3o de tabelas de custos e gastos para or\u00e7amento<\/li>\n<li>C\u00e1lculos com vari\u00e1veis<\/li>\n<\/ul>\n            <\/div>\r\n    <\/div>\r\n\r\n\r\n\r\n            <\/div>\n<p>&nbsp;<\/p>\n<div>\n<div><\/div>\n<\/div>\n<p>&nbsp;<\/p>\n<hr \/>\n<\/div>\n<\/div><\/div><\/div><\/div><\/div>","protected":false},"excerpt":{"rendered":"<p>Pages, Numbers e Keynote Organiza\u00e7\u00e3o e produtividade para seu ambiente corporativo, com a cara da Apple &#8211; para Mac Apple e a ProClass A ProClass foi, entre 2012 e 2020, a \u00fanica escola homologada Apple do Brasil. Em Janeiro de 2021 a Apple encerrou seu sistema de parcerias com escolas, mas a ProClass continua oferecendoContinue reading &rarr;<\/p>\n","protected":false},"author":4,"featured_media":0,"parent":7277,"menu_order":0,"comment_status":"closed","ping_status":"closed","template":"","meta":{"footnotes":""},"class_list":["post-13436","page","type-page","status-publish","hentry","no-thumb"],"yoast_head":"<!-- This site is optimized with the Yoast SEO plugin v26.9 - https:\/\/yoast.com\/product\/yoast-seo-wordpress\/ -->\n<title>Curso de Pages, Numbers e Keynote - Oficial Apple - PROCLASS<\/title>\n<meta name=\"robots\" content=\"index, follow, max-snippet:-1, max-image-preview:large, max-video-preview:-1\" \/>\n<link rel=\"canonical\" href=\"https:\/\/proclass.com.br\/home\/cursos\/iwork\/\" \/>\n<meta property=\"og:locale\" content=\"pt_BR\" \/>\n<meta property=\"og:type\" content=\"article\" \/>\n<meta property=\"og:title\" content=\"Curso de Pages, Numbers e Keynote - Oficial Apple - PROCLASS\" \/>\n<meta property=\"og:description\" content=\"Pages, Numbers e Keynote Organiza\u00e7\u00e3o e produtividade para seu ambiente corporativo, com a cara da Apple - para Mac Apple e a ProClass A ProClass foi, entre 2012 e 2020, a \u00fanica escola homologada Apple do Brasil. Em Janeiro de 2021 a Apple encerrou seu sistema de parcerias com escolas, mas a ProClass continua oferecendoContinue reading &rarr;\" \/>\n<meta property=\"og:url\" content=\"https:\/\/proclass.com.br\/home\/cursos\/iwork\/\" \/>\n<meta property=\"og:site_name\" content=\"PROCLASS\" \/>\n<meta property=\"article:modified_time\" content=\"2021-06-18T20:24:44+00:00\" \/>\n<meta name=\"twitter:card\" content=\"summary_large_image\" \/>\n<meta name=\"twitter:label1\" content=\"Est. tempo de leitura\" \/>\n\t<meta name=\"twitter:data1\" content=\"1 minuto\" \/>\n<script type=\"application\/ld+json\" class=\"yoast-schema-graph\">{\"@context\":\"https:\/\/schema.org\",\"@graph\":[{\"@type\":\"WebPage\",\"@id\":\"https:\/\/proclass.com.br\/home\/cursos\/iwork\/\",\"url\":\"https:\/\/proclass.com.br\/home\/cursos\/iwork\/\",\"name\":\"Curso de Pages, Numbers e Keynote - Oficial Apple - PROCLASS\",\"isPartOf\":{\"@id\":\"https:\/\/proclass.com.br\/home\/#website\"},\"datePublished\":\"2021-04-13T19:52:18+00:00\",\"dateModified\":\"2021-06-18T20:24:44+00:00\",\"breadcrumb\":{\"@id\":\"https:\/\/proclass.com.br\/home\/cursos\/iwork\/#breadcrumb\"},\"inLanguage\":\"pt-BR\",\"potentialAction\":[{\"@type\":\"ReadAction\",\"target\":[\"https:\/\/proclass.com.br\/home\/cursos\/iwork\/\"]}]},{\"@type\":\"BreadcrumbList\",\"@id\":\"https:\/\/proclass.com.br\/home\/cursos\/iwork\/#breadcrumb\",\"itemListElement\":[{\"@type\":\"ListItem\",\"position\":1,\"name\":\"In\u00edcio\",\"item\":\"https:\/\/proclass.com.br\/home\/\"},{\"@type\":\"ListItem\",\"position\":2,\"name\":\"CURSOS\",\"item\":\"https:\/\/proclass.com.br\/home\/cursos\/\"},{\"@type\":\"ListItem\",\"position\":3,\"name\":\"Curso de Pages, Numbers e Keynote &#8211; Oficial Apple\"}]},{\"@type\":\"WebSite\",\"@id\":\"https:\/\/proclass.com.br\/home\/#website\",\"url\":\"https:\/\/proclass.com.br\/home\/\",\"name\":\"PROCLASS\",\"description\":\"CURSOS E TREINAMENTOS\",\"publisher\":{\"@id\":\"https:\/\/proclass.com.br\/home\/#organization\"},\"potentialAction\":[{\"@type\":\"SearchAction\",\"target\":{\"@type\":\"EntryPoint\",\"urlTemplate\":\"https:\/\/proclass.com.br\/home\/?s={search_term_string}\"},\"query-input\":{\"@type\":\"PropertyValueSpecification\",\"valueRequired\":true,\"valueName\":\"search_term_string\"}}],\"inLanguage\":\"pt-BR\"},{\"@type\":\"Organization\",\"@id\":\"https:\/\/proclass.com.br\/home\/#organization\",\"name\":\"PROCLASS\",\"url\":\"https:\/\/proclass.com.br\/home\/\",\"logo\":{\"@type\":\"ImageObject\",\"inLanguage\":\"pt-BR\",\"@id\":\"https:\/\/proclass.com.br\/home\/#\/schema\/logo\/image\/\",\"url\":\"https:\/\/proclass.com.br\/home\/wp-content\/uploads\/2023\/06\/CABECALHO-black_PROCLASS-2023.png\",\"contentUrl\":\"https:\/\/proclass.com.br\/home\/wp-content\/uploads\/2023\/06\/CABECALHO-black_PROCLASS-2023.png\",\"width\":2563,\"height\":911,\"caption\":\"PROCLASS\"},\"image\":{\"@id\":\"https:\/\/proclass.com.br\/home\/#\/schema\/logo\/image\/\"}}]}<\/script>\n<!-- \/ Yoast SEO plugin. -->","yoast_head_json":{"title":"Curso de Pages, Numbers e Keynote - Oficial Apple - PROCLASS","robots":{"index":"index","follow":"follow","max-snippet":"max-snippet:-1","max-image-preview":"max-image-preview:large","max-video-preview":"max-video-preview:-1"},"canonical":"https:\/\/proclass.com.br\/home\/cursos\/iwork\/","og_locale":"pt_BR","og_type":"article","og_title":"Curso de Pages, Numbers e Keynote - Oficial Apple - PROCLASS","og_description":"Pages, Numbers e Keynote Organiza\u00e7\u00e3o e produtividade para seu ambiente corporativo, com a cara da Apple - para Mac Apple e a ProClass A ProClass foi, entre 2012 e 2020, a \u00fanica escola homologada Apple do Brasil. Em Janeiro de 2021 a Apple encerrou seu sistema de parcerias com escolas, mas a ProClass continua oferecendoContinue reading &rarr;","og_url":"https:\/\/proclass.com.br\/home\/cursos\/iwork\/","og_site_name":"PROCLASS","article_modified_time":"2021-06-18T20:24:44+00:00","twitter_card":"summary_large_image","twitter_misc":{"Est. tempo de leitura":"1 minuto"},"schema":{"@context":"https:\/\/schema.org","@graph":[{"@type":"WebPage","@id":"https:\/\/proclass.com.br\/home\/cursos\/iwork\/","url":"https:\/\/proclass.com.br\/home\/cursos\/iwork\/","name":"Curso de Pages, Numbers e Keynote - Oficial Apple - PROCLASS","isPartOf":{"@id":"https:\/\/proclass.com.br\/home\/#website"},"datePublished":"2021-04-13T19:52:18+00:00","dateModified":"2021-06-18T20:24:44+00:00","breadcrumb":{"@id":"https:\/\/proclass.com.br\/home\/cursos\/iwork\/#breadcrumb"},"inLanguage":"pt-BR","potentialAction":[{"@type":"ReadAction","target":["https:\/\/proclass.com.br\/home\/cursos\/iwork\/"]}]},{"@type":"BreadcrumbList","@id":"https:\/\/proclass.com.br\/home\/cursos\/iwork\/#breadcrumb","itemListElement":[{"@type":"ListItem","position":1,"name":"In\u00edcio","item":"https:\/\/proclass.com.br\/home\/"},{"@type":"ListItem","position":2,"name":"CURSOS","item":"https:\/\/proclass.com.br\/home\/cursos\/"},{"@type":"ListItem","position":3,"name":"Curso de Pages, Numbers e Keynote &#8211; Oficial Apple"}]},{"@type":"WebSite","@id":"https:\/\/proclass.com.br\/home\/#website","url":"https:\/\/proclass.com.br\/home\/","name":"PROCLASS","description":"CURSOS E TREINAMENTOS","publisher":{"@id":"https:\/\/proclass.com.br\/home\/#organization"},"potentialAction":[{"@type":"SearchAction","target":{"@type":"EntryPoint","urlTemplate":"https:\/\/proclass.com.br\/home\/?s={search_term_string}"},"query-input":{"@type":"PropertyValueSpecification","valueRequired":true,"valueName":"search_term_string"}}],"inLanguage":"pt-BR"},{"@type":"Organization","@id":"https:\/\/proclass.com.br\/home\/#organization","name":"PROCLASS","url":"https:\/\/proclass.com.br\/home\/","logo":{"@type":"ImageObject","inLanguage":"pt-BR","@id":"https:\/\/proclass.com.br\/home\/#\/schema\/logo\/image\/","url":"https:\/\/proclass.com.br\/home\/wp-content\/uploads\/2023\/06\/CABECALHO-black_PROCLASS-2023.png","contentUrl":"https:\/\/proclass.com.br\/home\/wp-content\/uploads\/2023\/06\/CABECALHO-black_PROCLASS-2023.png","width":2563,"height":911,"caption":"PROCLASS"},"image":{"@id":"https:\/\/proclass.com.br\/home\/#\/schema\/logo\/image\/"}}]}},"_links":{"self":[{"href":"https:\/\/proclass.com.br\/home\/wp-json\/wp\/v2\/pages\/13436","targetHints":{"allow":["GET"]}}],"collection":[{"href":"https:\/\/proclass.com.br\/home\/wp-json\/wp\/v2\/pages"}],"about":[{"href":"https:\/\/proclass.com.br\/home\/wp-json\/wp\/v2\/types\/page"}],"author":[{"embeddable":true,"href":"https:\/\/proclass.com.br\/home\/wp-json\/wp\/v2\/users\/4"}],"replies":[{"embeddable":true,"href":"https:\/\/proclass.com.br\/home\/wp-json\/wp\/v2\/comments?post=13436"}],"version-history":[{"count":0,"href":"https:\/\/proclass.com.br\/home\/wp-json\/wp\/v2\/pages\/13436\/revisions"}],"up":[{"embeddable":true,"href":"https:\/\/proclass.com.br\/home\/wp-json\/wp\/v2\/pages\/7277"}],"wp:attachment":[{"href":"https:\/\/proclass.com.br\/home\/wp-json\/wp\/v2\/media?parent=13436"}],"curies":[{"name":"wp","href":"https:\/\/api.w.org\/{rel}","templated":true}]}}